{"id":10616,"date":"2020-12-20T18:09:01","date_gmt":"2020-12-20T17:09:01","guid":{"rendered":"https:\/\/adhd-chess.com\/?post_type=product&#038;p=10616"},"modified":"2021-07-19T09:25:01","modified_gmt":"2021-07-19T08:25:01","slug":"afiliacion-red-de-colaboradores-tdah-ajedrez-cuota-organizaciones","status":"publish","type":"product","link":"https:\/\/adhd-chess.com\/es\/producto\/afiliacion-red-de-colaboradores-tdah-ajedrez-cuota-organizaciones\/","title":{"rendered":"Afiliaci\u00f3n Red de Colaboradores TDAH &#038; Ajedrez. Cuota ORGANIZACIONES"},"content":{"rendered":"","protected":false},"excerpt":{"rendered":"<p class=\"preciop\">Desde<strong> 44 \u20ac \/ mes<\/strong> <small>(suscripci\u00f3n anual)<\/small><\/p>\n<p>La cuota de afiliaci\u00f3n a la <strong>Red de Colaboradores de TDAH &amp; Ajedrez<\/strong>, supone la pertenencia a una <strong>red de trabajo<\/strong>, de \u00e1mbito mundial, formada por profesionales especializados en diferentes \u00e1reas, espec\u00edficamente relacionadas con el tratamiento de personas diagnosticadas con TDAH: psicolog\u00eda, neurodesarrollo, educadores y docentes, psiquiatr\u00eda, especialistas en coordinaci\u00f3n motora y fisioterapia, psicopedagogos, m\u00fasicos, ajedrecistas y, en definitiva, profesionales de todos los sectores que pueden aportar su valioso conocimiento al tratamiento de personas con TDAH y otras dificultades de aprendizaje, ya sean ni\u00f1os o adultos.<\/p>\n<p>Entre las <strong>ventajas<\/strong> ofrecidas a los Colaboradores Oficiales, destacamos:<br \/>\n[fusion_checklist icon=\"\" iconcolor=\"#ffc107\" circle=\"\" circlecolor=\"\" size=\"\" divider=\"\" divider_color=\"\" hide_on_mobile=\"small-visibility,medium-visibility,large-visibility\" class=\"\" id=\"\"]<br \/>\n[fusion_li_item icon=\"fa-greater-than fas\"]Pertenencia a la <strong>Red de Colaboradores Oficiales<\/strong>, con amplia representaci\u00f3n geogr\u00e1fica.[\/fusion_li_item]<br \/>\n[fusion_li_item icon=\"fa-greater-than fas\"]Acceso a los servicios de <strong>Consulta de Psicolog\u00eda, Asistencia y Orientaci\u00f3n<\/strong> ofrecidos por TDAH &amp; Ajedrez, que el colaborador prestar\u00e1 por su cuenta, online o presencialmente.[\/fusion_li_item]<br \/>\n[fusion_li_item icon=\"fa-greater-than fas\"]<strong>Visibilidad y difusi\u00f3n<\/strong> de los art\u00edculos, trabajos, publicaciones, blogs, redes sociales de los afiliados a trav\u00e9s de nuestro blog y nuestros propios canales y redes.[\/fusion_li_item]<br \/>\n[fusion_li_item icon=\"fa-greater-than fas\"]Visibilidad b\u00e1sica en el<strong> directorio de Colaboradores Oficiales<\/strong> con resumen e indicaci\u00f3n de sus servicios principales y \u00e1reas de especiaizaci\u00f3n.[\/fusion_li_item]<br \/>\n[fusion_li_item icon=\"fa-greater-than fas\"]<strong>Retribuci\u00f3n econ\u00f3mica<\/strong> por la colaboraci\u00f3n con la plataforma de TDAH &amp; Ajedrez. Las condiciones econ\u00f3micas se acuerdan individualmente con cada organizaci\u00f3n afiliada.[\/fusion_li_item]<br \/>\n[fusion_li_item icon=\"fa-greater-than fas\"]<strong>Personalizaci\u00f3n de la plataforma del Campus Online<\/strong> con la <strong>imagen corporativa<\/strong> identificativa de la organizaci\u00f3n afiliada.[\/fusion_li_item][fusion_li_item icon=\"fa-greater-than fas\"]Se incluye con el pago de la cuota acceso al <strong>M\u00f3dulo de Tutor\u00eda y Seguimiento de Usuarios<\/strong>. Edici\u00f3n especial hasta <strong>30<\/strong> usuarios.[\/fusion_li_item]<br \/>\n[fusion_li_item icon=\"fa-greater-than fas\"]<strong>Descuentos especiales<\/strong> en los principales productos y servicios ofrecidos en la plataforma de TDAH &amp; Ajedrez[\/fusion_li_item][\/fusion_checklist]<\/p>\n<blockquote><p>Para afiliarte a la Red de Colaboradores, debes tener la <strong>autorizaci\u00f3n previa<\/strong> de equipo de <strong>TDAH &amp; Ajedrez<\/strong>. Te haremos algunas preguntas sobre tu actividad para garantizar un proceso de homologaci\u00f3n y de m\u00e1xima calidad en la prestaci\u00f3n de servicios de todos nuestros colaboradores. Si no tienes tu autorizaci\u00f3n todav\u00eda, por favor <a href=\"https:\/\/adhd-chess.com\/es\/instituciones-y-comunidad\/\">solic\u00edtala ahora uni\u00e9ndote a nuestro Programa de Colaboraci\u00f3n<\/a><\/p><\/blockquote>\n","protected":false},"featured_media":10554,"comment_status":"closed","ping_status":"closed","template":"","meta":{"content-type":"","_mi_skip_tracking":false,"_monsterinsights_sitenote_active":false,"_monsterinsights_sitenote_note":"","_monsterinsights_sitenote_category":0},"yoast_head":"<!-- This site is optimized with the Yoast SEO plugin v21.3 - https:\/\/yoast.com\/wordpress\/plugins\/seo\/ -->\n<title>Afiliaci\u00f3n Red de Colaboradores TDAH &amp; Ajedrez. Cuota ORGANIZACIONES - ADHD &amp; Chess<\/title>\n<meta name=\"description\" content=\"Cuota de afiliaci\u00f3n a la Red Oficial de Colaboradores de ADHD &amp; Chess, con acceso a nuestro directorio de servicios en ADHD y retribuci\u00f3n econ\u00f3mica por la distribuci\u00f3n de nuestros productos y servici\" \/>\n<meta name=\"robots\" content=\"index, follow, max-snippet:-1, max-image-preview:large, max-video-preview:-1\" \/>\n<link rel=\"canonical\" href=\"https:\/\/adhd-chess.com\/es\/producto\/afiliacion-red-de-colaboradores-tdah-ajedrez-cuota-organizaciones\/\" \/>\n<meta property=\"og:locale\" content=\"es_ES\" \/>\n<meta property=\"og:type\" content=\"article\" \/>\n<meta property=\"og:title\" content=\"Afiliaci\u00f3n Red de Colaboradores TDAH &amp; Ajedrez. Cuota ORGANIZACIONES - ADHD &amp; Chess\" \/>\n<meta property=\"og:description\" content=\"Cuota de afiliaci\u00f3n a la Red Oficial de Colaboradores de ADHD &amp; Chess, con acceso a nuestro directorio de servicios en ADHD y retribuci\u00f3n econ\u00f3mica por la distribuci\u00f3n de nuestros productos y servici\" \/>\n<meta property=\"og:url\" content=\"https:\/\/adhd-chess.com\/es\/producto\/afiliacion-red-de-colaboradores-tdah-ajedrez-cuota-organizaciones\/\" \/>\n<meta property=\"og:site_name\" content=\"ADHD &amp; Chess\" \/>\n<meta property=\"article:publisher\" content=\"https:\/\/www.facebook.com\/ADHD-Chess-322663441962359\" \/>\n<meta property=\"article:modified_time\" content=\"2021-07-19T08:25:01+00:00\" \/>\n<meta property=\"og:image\" content=\"https:\/\/adhd-chess.com\/wp-content\/uploads\/2020\/12\/Afiliaci\u00f3n-Red-de-Colaboradores-CUOTA-ORGANIZACIONES.jpg\" \/>\n\t<meta property=\"og:image:width\" content=\"1587\" \/>\n\t<meta property=\"og:image:height\" content=\"2245\" \/>\n\t<meta property=\"og:image:type\" content=\"image\/jpeg\" \/>\n<meta name=\"twitter:card\" content=\"summary_large_image\" \/>\n<meta name=\"twitter:site\" content=\"@AdhdChess\" \/>\n<script type=\"application\/ld+json\" class=\"yoast-schema-graph\">{\"@context\":\"https:\/\/schema.org\",\"@graph\":[{\"@type\":\"WebPage\",\"@id\":\"https:\/\/adhd-chess.com\/es\/producto\/afiliacion-red-de-colaboradores-tdah-ajedrez-cuota-organizaciones\/\",\"url\":\"https:\/\/adhd-chess.com\/es\/producto\/afiliacion-red-de-colaboradores-tdah-ajedrez-cuota-organizaciones\/\",\"name\":\"Afiliaci\u00f3n Red de Colaboradores TDAH & Ajedrez. Cuota ORGANIZACIONES - ADHD &amp; Chess\",\"isPartOf\":{\"@id\":\"https:\/\/adhd-chess.com\/#website\"},\"datePublished\":\"2020-12-20T17:09:01+00:00\",\"dateModified\":\"2021-07-19T08:25:01+00:00\",\"description\":\"Cuota de afiliaci\u00f3n a la Red Oficial de Colaboradores de ADHD & Chess, con acceso a nuestro directorio de servicios en ADHD y retribuci\u00f3n econ\u00f3mica por la distribuci\u00f3n de nuestros productos y servici\",\"breadcrumb\":{\"@id\":\"https:\/\/adhd-chess.com\/es\/producto\/afiliacion-red-de-colaboradores-tdah-ajedrez-cuota-organizaciones\/#breadcrumb\"},\"inLanguage\":\"es\",\"potentialAction\":[{\"@type\":\"ReadAction\",\"target\":[\"https:\/\/adhd-chess.com\/es\/producto\/afiliacion-red-de-colaboradores-tdah-ajedrez-cuota-organizaciones\/\"]}]},{\"@type\":\"BreadcrumbList\",\"@id\":\"https:\/\/adhd-chess.com\/es\/producto\/afiliacion-red-de-colaboradores-tdah-ajedrez-cuota-organizaciones\/#breadcrumb\",\"itemListElement\":[{\"@type\":\"ListItem\",\"position\":1,\"name\":\"Home\",\"item\":\"https:\/\/adhd-chess.com\/es\/\"},{\"@type\":\"ListItem\",\"position\":2,\"name\":\"Store\",\"item\":\"https:\/\/adhd-chess.com\/store\/\"},{\"@type\":\"ListItem\",\"position\":3,\"name\":\"Afiliaci\u00f3n Red de Colaboradores TDAH &#038; Ajedrez. Cuota ORGANIZACIONES\"}]},{\"@type\":\"WebSite\",\"@id\":\"https:\/\/adhd-chess.com\/#website\",\"url\":\"https:\/\/adhd-chess.com\/\",\"name\":\"ADHD &amp; Chess\",\"description\":\"ADHD treatment using Chess tools\",\"publisher\":{\"@id\":\"https:\/\/adhd-chess.com\/#organization\"},\"potentialAction\":[{\"@type\":\"SearchAction\",\"target\":{\"@type\":\"EntryPoint\",\"urlTemplate\":\"https:\/\/adhd-chess.com\/?s={search_term_string}\"},\"query-input\":\"required name=search_term_string\"}],\"inLanguage\":\"es\"},{\"@type\":\"Organization\",\"@id\":\"https:\/\/adhd-chess.com\/#organization\",\"name\":\"TDAH & Ajedrez\",\"url\":\"https:\/\/adhd-chess.com\/\",\"logo\":{\"@type\":\"ImageObject\",\"inLanguage\":\"es\",\"@id\":\"https:\/\/adhd-chess.com\/#\/schema\/logo\/image\/\",\"url\":\"https:\/\/adhd-chess.com\/wp-content\/uploads\/2019\/03\/logo_L_en.png\",\"contentUrl\":\"https:\/\/adhd-chess.com\/wp-content\/uploads\/2019\/03\/logo_L_en.png\",\"width\":418,\"height\":102,\"caption\":\"TDAH & Ajedrez\"},\"image\":{\"@id\":\"https:\/\/adhd-chess.com\/#\/schema\/logo\/image\/\"},\"sameAs\":[\"https:\/\/www.facebook.com\/ADHD-Chess-322663441962359\",\"https:\/\/twitter.com\/AdhdChess\",\"https:\/\/www.instagram.com\/adhdchess\",\"https:\/\/www.linkedin.com\/company\/adhd-chess\"]}]}<\/script>\n<!-- \/ Yoast SEO plugin. -->","yoast_head_json":{"title":"Afiliaci\u00f3n Red de Colaboradores TDAH & Ajedrez. Cuota ORGANIZACIONES - ADHD &amp; Chess","description":"Cuota de afiliaci\u00f3n a la Red Oficial de Colaboradores de ADHD & Chess, con acceso a nuestro directorio de servicios en ADHD y retribuci\u00f3n econ\u00f3mica por la distribuci\u00f3n de nuestros productos y servici","robots":{"index":"index","follow":"follow","max-snippet":"max-snippet:-1","max-image-preview":"max-image-preview:large","max-video-preview":"max-video-preview:-1"},"canonical":"https:\/\/adhd-chess.com\/es\/producto\/afiliacion-red-de-colaboradores-tdah-ajedrez-cuota-organizaciones\/","og_locale":"es_ES","og_type":"article","og_title":"Afiliaci\u00f3n Red de Colaboradores TDAH & Ajedrez. Cuota ORGANIZACIONES - ADHD &amp; Chess","og_description":"Cuota de afiliaci\u00f3n a la Red Oficial de Colaboradores de ADHD & Chess, con acceso a nuestro directorio de servicios en ADHD y retribuci\u00f3n econ\u00f3mica por la distribuci\u00f3n de nuestros productos y servici","og_url":"https:\/\/adhd-chess.com\/es\/producto\/afiliacion-red-de-colaboradores-tdah-ajedrez-cuota-organizaciones\/","og_site_name":"ADHD &amp; Chess","article_publisher":"https:\/\/www.facebook.com\/ADHD-Chess-322663441962359","article_modified_time":"2021-07-19T08:25:01+00:00","og_image":[{"width":1587,"height":2245,"url":"https:\/\/adhd-chess.com\/wp-content\/uploads\/2020\/12\/Afiliaci\u00f3n-Red-de-Colaboradores-CUOTA-ORGANIZACIONES.jpg","type":"image\/jpeg"}],"twitter_card":"summary_large_image","twitter_site":"@AdhdChess","schema":{"@context":"https:\/\/schema.org","@graph":[{"@type":"WebPage","@id":"https:\/\/adhd-chess.com\/es\/producto\/afiliacion-red-de-colaboradores-tdah-ajedrez-cuota-organizaciones\/","url":"https:\/\/adhd-chess.com\/es\/producto\/afiliacion-red-de-colaboradores-tdah-ajedrez-cuota-organizaciones\/","name":"Afiliaci\u00f3n Red de Colaboradores TDAH & Ajedrez. Cuota ORGANIZACIONES - ADHD &amp; Chess","isPartOf":{"@id":"https:\/\/adhd-chess.com\/#website"},"datePublished":"2020-12-20T17:09:01+00:00","dateModified":"2021-07-19T08:25:01+00:00","description":"Cuota de afiliaci\u00f3n a la Red Oficial de Colaboradores de ADHD & Chess, con acceso a nuestro directorio de servicios en ADHD y retribuci\u00f3n econ\u00f3mica por la distribuci\u00f3n de nuestros productos y servici","breadcrumb":{"@id":"https:\/\/adhd-chess.com\/es\/producto\/afiliacion-red-de-colaboradores-tdah-ajedrez-cuota-organizaciones\/#breadcrumb"},"inLanguage":"es","potentialAction":[{"@type":"ReadAction","target":["https:\/\/adhd-chess.com\/es\/producto\/afiliacion-red-de-colaboradores-tdah-ajedrez-cuota-organizaciones\/"]}]},{"@type":"BreadcrumbList","@id":"https:\/\/adhd-chess.com\/es\/producto\/afiliacion-red-de-colaboradores-tdah-ajedrez-cuota-organizaciones\/#breadcrumb","itemListElement":[{"@type":"ListItem","position":1,"name":"Home","item":"https:\/\/adhd-chess.com\/es\/"},{"@type":"ListItem","position":2,"name":"Store","item":"https:\/\/adhd-chess.com\/store\/"},{"@type":"ListItem","position":3,"name":"Afiliaci\u00f3n Red de Colaboradores TDAH &#038; Ajedrez. Cuota ORGANIZACIONES"}]},{"@type":"WebSite","@id":"https:\/\/adhd-chess.com\/#website","url":"https:\/\/adhd-chess.com\/","name":"ADHD &amp; Chess","description":"ADHD treatment using Chess tools","publisher":{"@id":"https:\/\/adhd-chess.com\/#organization"},"potentialAction":[{"@type":"SearchAction","target":{"@type":"EntryPoint","urlTemplate":"https:\/\/adhd-chess.com\/?s={search_term_string}"},"query-input":"required name=search_term_string"}],"inLanguage":"es"},{"@type":"Organization","@id":"https:\/\/adhd-chess.com\/#organization","name":"TDAH & Ajedrez","url":"https:\/\/adhd-chess.com\/","logo":{"@type":"ImageObject","inLanguage":"es","@id":"https:\/\/adhd-chess.com\/#\/schema\/logo\/image\/","url":"https:\/\/adhd-chess.com\/wp-content\/uploads\/2019\/03\/logo_L_en.png","contentUrl":"https:\/\/adhd-chess.com\/wp-content\/uploads\/2019\/03\/logo_L_en.png","width":418,"height":102,"caption":"TDAH & Ajedrez"},"image":{"@id":"https:\/\/adhd-chess.com\/#\/schema\/logo\/image\/"},"sameAs":["https:\/\/www.facebook.com\/ADHD-Chess-322663441962359","https:\/\/twitter.com\/AdhdChess","https:\/\/www.instagram.com\/adhdchess","https:\/\/www.linkedin.com\/company\/adhd-chess"]}]}},"_links":{"self":[{"href":"https:\/\/adhd-chess.com\/es\/wp-json\/wp\/v2\/product\/10616"}],"collection":[{"href":"https:\/\/adhd-chess.com\/es\/wp-json\/wp\/v2\/product"}],"about":[{"href":"https:\/\/adhd-chess.com\/es\/wp-json\/wp\/v2\/types\/product"}],"replies":[{"embeddable":true,"href":"https:\/\/adhd-chess.com\/es\/wp-json\/wp\/v2\/comments?post=10616"}],"wp:featuredmedia":[{"embeddable":true,"href":"https:\/\/adhd-chess.com\/es\/wp-json\/wp\/v2\/media\/10554"}],"wp:attachment":[{"href":"https:\/\/adhd-chess.com\/es\/wp-json\/wp\/v2\/media?parent=10616"}],"curies":[{"name":"wp","href":"https:\/\/api.w.org\/{rel}","templated":true}]}}