{"id":10477,"date":"2020-12-20T17:36:30","date_gmt":"2020-12-20T16:36:30","guid":{"rendered":"https:\/\/adhd-chess.com\/?post_type=product&#038;p=10477"},"modified":"2021-07-20T13:10:34","modified_gmt":"2021-07-20T12:10:34","slug":"modulo-tutoria-y-seguimiento-de-usuarios-edicion-familiar","status":"publish","type":"product","link":"https:\/\/adhd-chess.com\/es\/producto\/modulo-tutoria-y-seguimiento-de-usuarios-edicion-familiar\/","title":{"rendered":"M\u00f3dulo Tutor\u00eda y Seguimiento de Usuarios. Edici\u00f3n FAMILIAR"},"content":{"rendered":"","protected":false},"excerpt":{"rendered":"<p class=\"preciop\">Desde<strong> 8 \u20ac \/ mes<\/strong> <small>(suscripci\u00f3n anual)<\/small><\/p>\n<p>Este m\u00f3dulo facilita la <strong>tutor\u00eda y seguimiento<\/strong> de todos los usuarios asociados a la figura del <strong>tutor<\/strong>, que puede ser un familiar, un profesional especialista en el tratamiento de TDAH o, en definitiva, cualquier persona que trabaje de forma continuada con los alumnos de cualquiera de los <a href=\"https:\/\/adhd-chess.com\/es\/planes\/\">Planes de Entrenamiento Cognitivo<\/a>.<\/p>\n<p>Entre las <strong>funcionalidades principales<\/strong> de este m\u00f3dulo, destacamos:<br \/>\n[fusion_checklist icon=\"\" iconcolor=\"#ffc107\" circle=\"\" circlecolor=\"\" size=\"\" divider=\"\" divider_color=\"\" hide_on_mobile=\"small-visibility,medium-visibility,large-visibility\" class=\"\" id=\"\"]<br \/>\n[fusion_li_item icon=\"fa-greater-than fas\"]<strong>Personalizar <\/strong>los planes de trabajo apropiados para los alumnos, en funci\u00f3n de las necesidades individuales de cada uno de ellos.[\/fusion_li_item]<br \/>\n[fusion_li_item icon=\"fa-greater-than fas\"]<strong>Asignar <\/strong>tareas de realizaci\u00f3n de ejercicios concretos a sus alumnos, estableciendo un plazo para la ejecuci\u00f3n de las mismas.[\/fusion_li_item]<br \/>\n[fusion_li_item icon=\"fa-greater-than fas\"]<strong>Controlar <\/strong>el grado de cumplimiento de las tareas por parte de los alumnos.[\/fusion_li_item]<br \/>\n[fusion_li_item icon=\"fa-greater-than fas\"]<strong>Monitorizar <\/strong>el progreso del alumno y el rendimiento en los diferentes ejercicios.[\/fusion_li_item]<br \/>\n[fusion_li_item icon=\"fa-greater-than fas\"]<strong>Recibir alertas<\/strong> personalizadas por correo electr\u00f3nico con la informaci\u00f3n relevante de los diferentes alumnos.[\/fusion_li_item]<br \/>\n[fusion_li_item icon=\"fa-greater-than fas\"]Acceder a <strong>informes de actividad<\/strong> de los alumnos.[\/fusion_li_item]<br \/>\n[\/fusion_checklist]<\/p>\n<blockquote><p>El m\u00f3dulo <strong>FAMILIAR<\/strong> permite asignar un m\u00e1ximo de <strong>5 usuarios<\/strong>, gestionados por <strong>1 \u00fanico tutor<\/strong><\/p><\/blockquote>\n","protected":false},"featured_media":10625,"comment_status":"closed","ping_status":"closed","template":"","meta":{"content-type":"","_mi_skip_tracking":false,"_monsterinsights_sitenote_active":false,"_monsterinsights_sitenote_note":"","_monsterinsights_sitenote_category":0},"yoast_head":"<!-- This site is optimized with the Yoast SEO plugin v21.3 - https:\/\/yoast.com\/wordpress\/plugins\/seo\/ -->\n<title>M\u00f3dulo Tutor\u00eda y Seguimiento de Usuarios. Edici\u00f3n FAMILIAR - TDAH &amp; Ajedrez<\/title>\n<meta name=\"description\" content=\"Tutor\u00eda, seguimiento y monitorizaci\u00f3n del progreso y actividad de alumnos diagnosticados con TDAH, utilizando el ajedrez educativo y terap\u00e9utico\" \/>\n<meta name=\"robots\" content=\"index, follow, max-snippet:-1, max-image-preview:large, max-video-preview:-1\" \/>\n<link rel=\"canonical\" href=\"https:\/\/adhd-chess.com\/es\/producto\/modulo-tutoria-y-seguimiento-de-usuarios-edicion-familiar\/\" \/>\n<meta property=\"og:locale\" content=\"es_ES\" \/>\n<meta property=\"og:type\" content=\"article\" \/>\n<meta property=\"og:title\" content=\"M\u00f3dulo Tutor\u00eda y Seguimiento de Usuarios. Edici\u00f3n FAMILIAR - TDAH &amp; Ajedrez\" \/>\n<meta property=\"og:description\" content=\"Tutor\u00eda, seguimiento y monitorizaci\u00f3n del progreso y actividad de alumnos diagnosticados con TDAH, utilizando el ajedrez educativo y terap\u00e9utico\" \/>\n<meta property=\"og:url\" content=\"https:\/\/adhd-chess.com\/es\/producto\/modulo-tutoria-y-seguimiento-de-usuarios-edicion-familiar\/\" \/>\n<meta property=\"og:site_name\" content=\"ADHD &amp; Chess\" \/>\n<meta property=\"article:publisher\" content=\"https:\/\/www.facebook.com\/ADHD-Chess-322663441962359\" \/>\n<meta property=\"article:modified_time\" content=\"2021-07-20T12:10:34+00:00\" \/>\n<meta property=\"og:image\" content=\"https:\/\/adhd-chess.com\/wp-content\/uploads\/2020\/12\/modulo-tutoria-y-seguimiento-de-usuarios-familiar-1.jpg\" \/>\n\t<meta property=\"og:image:width\" content=\"1587\" \/>\n\t<meta property=\"og:image:height\" content=\"2245\" \/>\n\t<meta property=\"og:image:type\" content=\"image\/jpeg\" \/>\n<meta name=\"twitter:card\" content=\"summary_large_image\" \/>\n<meta name=\"twitter:site\" content=\"@AdhdChess\" \/>\n<script type=\"application\/ld+json\" class=\"yoast-schema-graph\">{\"@context\":\"https:\/\/schema.org\",\"@graph\":[{\"@type\":\"WebPage\",\"@id\":\"https:\/\/adhd-chess.com\/es\/producto\/modulo-tutoria-y-seguimiento-de-usuarios-edicion-familiar\/\",\"url\":\"https:\/\/adhd-chess.com\/es\/producto\/modulo-tutoria-y-seguimiento-de-usuarios-edicion-familiar\/\",\"name\":\"M\u00f3dulo Tutor\u00eda y Seguimiento de Usuarios. Edici\u00f3n FAMILIAR - TDAH & Ajedrez\",\"isPartOf\":{\"@id\":\"https:\/\/adhd-chess.com\/#website\"},\"datePublished\":\"2020-12-20T16:36:30+00:00\",\"dateModified\":\"2021-07-20T12:10:34+00:00\",\"description\":\"Tutor\u00eda, seguimiento y monitorizaci\u00f3n del progreso y actividad de alumnos diagnosticados con TDAH, utilizando el ajedrez educativo y terap\u00e9utico\",\"breadcrumb\":{\"@id\":\"https:\/\/adhd-chess.com\/es\/producto\/modulo-tutoria-y-seguimiento-de-usuarios-edicion-familiar\/#breadcrumb\"},\"inLanguage\":\"es\",\"potentialAction\":[{\"@type\":\"ReadAction\",\"target\":[\"https:\/\/adhd-chess.com\/es\/producto\/modulo-tutoria-y-seguimiento-de-usuarios-edicion-familiar\/\"]}]},{\"@type\":\"BreadcrumbList\",\"@id\":\"https:\/\/adhd-chess.com\/es\/producto\/modulo-tutoria-y-seguimiento-de-usuarios-edicion-familiar\/#breadcrumb\",\"itemListElement\":[{\"@type\":\"ListItem\",\"position\":1,\"name\":\"Home\",\"item\":\"https:\/\/adhd-chess.com\/es\/\"},{\"@type\":\"ListItem\",\"position\":2,\"name\":\"Store\",\"item\":\"https:\/\/adhd-chess.com\/store\/\"},{\"@type\":\"ListItem\",\"position\":3,\"name\":\"M\u00f3dulo Tutor\u00eda y Seguimiento de Usuarios. Edici\u00f3n FAMILIAR\"}]},{\"@type\":\"WebSite\",\"@id\":\"https:\/\/adhd-chess.com\/#website\",\"url\":\"https:\/\/adhd-chess.com\/\",\"name\":\"ADHD &amp; Chess\",\"description\":\"ADHD treatment using Chess tools\",\"publisher\":{\"@id\":\"https:\/\/adhd-chess.com\/#organization\"},\"potentialAction\":[{\"@type\":\"SearchAction\",\"target\":{\"@type\":\"EntryPoint\",\"urlTemplate\":\"https:\/\/adhd-chess.com\/?s={search_term_string}\"},\"query-input\":\"required name=search_term_string\"}],\"inLanguage\":\"es\"},{\"@type\":\"Organization\",\"@id\":\"https:\/\/adhd-chess.com\/#organization\",\"name\":\"TDAH & Ajedrez\",\"url\":\"https:\/\/adhd-chess.com\/\",\"logo\":{\"@type\":\"ImageObject\",\"inLanguage\":\"es\",\"@id\":\"https:\/\/adhd-chess.com\/#\/schema\/logo\/image\/\",\"url\":\"https:\/\/adhd-chess.com\/wp-content\/uploads\/2019\/03\/logo_L_en.png\",\"contentUrl\":\"https:\/\/adhd-chess.com\/wp-content\/uploads\/2019\/03\/logo_L_en.png\",\"width\":418,\"height\":102,\"caption\":\"TDAH & Ajedrez\"},\"image\":{\"@id\":\"https:\/\/adhd-chess.com\/#\/schema\/logo\/image\/\"},\"sameAs\":[\"https:\/\/www.facebook.com\/ADHD-Chess-322663441962359\",\"https:\/\/twitter.com\/AdhdChess\",\"https:\/\/www.instagram.com\/adhdchess\",\"https:\/\/www.linkedin.com\/company\/adhd-chess\"]}]}<\/script>\n<!-- \/ Yoast SEO plugin. -->","yoast_head_json":{"title":"M\u00f3dulo Tutor\u00eda y Seguimiento de Usuarios. Edici\u00f3n FAMILIAR - TDAH & Ajedrez","description":"Tutor\u00eda, seguimiento y monitorizaci\u00f3n del progreso y actividad de alumnos diagnosticados con TDAH, utilizando el ajedrez educativo y terap\u00e9utico","robots":{"index":"index","follow":"follow","max-snippet":"max-snippet:-1","max-image-preview":"max-image-preview:large","max-video-preview":"max-video-preview:-1"},"canonical":"https:\/\/adhd-chess.com\/es\/producto\/modulo-tutoria-y-seguimiento-de-usuarios-edicion-familiar\/","og_locale":"es_ES","og_type":"article","og_title":"M\u00f3dulo Tutor\u00eda y Seguimiento de Usuarios. Edici\u00f3n FAMILIAR - TDAH & Ajedrez","og_description":"Tutor\u00eda, seguimiento y monitorizaci\u00f3n del progreso y actividad de alumnos diagnosticados con TDAH, utilizando el ajedrez educativo y terap\u00e9utico","og_url":"https:\/\/adhd-chess.com\/es\/producto\/modulo-tutoria-y-seguimiento-de-usuarios-edicion-familiar\/","og_site_name":"ADHD &amp; Chess","article_publisher":"https:\/\/www.facebook.com\/ADHD-Chess-322663441962359","article_modified_time":"2021-07-20T12:10:34+00:00","og_image":[{"width":1587,"height":2245,"url":"https:\/\/adhd-chess.com\/wp-content\/uploads\/2020\/12\/modulo-tutoria-y-seguimiento-de-usuarios-familiar-1.jpg","type":"image\/jpeg"}],"twitter_card":"summary_large_image","twitter_site":"@AdhdChess","schema":{"@context":"https:\/\/schema.org","@graph":[{"@type":"WebPage","@id":"https:\/\/adhd-chess.com\/es\/producto\/modulo-tutoria-y-seguimiento-de-usuarios-edicion-familiar\/","url":"https:\/\/adhd-chess.com\/es\/producto\/modulo-tutoria-y-seguimiento-de-usuarios-edicion-familiar\/","name":"M\u00f3dulo Tutor\u00eda y Seguimiento de Usuarios. Edici\u00f3n FAMILIAR - TDAH & Ajedrez","isPartOf":{"@id":"https:\/\/adhd-chess.com\/#website"},"datePublished":"2020-12-20T16:36:30+00:00","dateModified":"2021-07-20T12:10:34+00:00","description":"Tutor\u00eda, seguimiento y monitorizaci\u00f3n del progreso y actividad de alumnos diagnosticados con TDAH, utilizando el ajedrez educativo y terap\u00e9utico","breadcrumb":{"@id":"https:\/\/adhd-chess.com\/es\/producto\/modulo-tutoria-y-seguimiento-de-usuarios-edicion-familiar\/#breadcrumb"},"inLanguage":"es","potentialAction":[{"@type":"ReadAction","target":["https:\/\/adhd-chess.com\/es\/producto\/modulo-tutoria-y-seguimiento-de-usuarios-edicion-familiar\/"]}]},{"@type":"BreadcrumbList","@id":"https:\/\/adhd-chess.com\/es\/producto\/modulo-tutoria-y-seguimiento-de-usuarios-edicion-familiar\/#breadcrumb","itemListElement":[{"@type":"ListItem","position":1,"name":"Home","item":"https:\/\/adhd-chess.com\/es\/"},{"@type":"ListItem","position":2,"name":"Store","item":"https:\/\/adhd-chess.com\/store\/"},{"@type":"ListItem","position":3,"name":"M\u00f3dulo Tutor\u00eda y Seguimiento de Usuarios. Edici\u00f3n FAMILIAR"}]},{"@type":"WebSite","@id":"https:\/\/adhd-chess.com\/#website","url":"https:\/\/adhd-chess.com\/","name":"ADHD &amp; Chess","description":"ADHD treatment using Chess tools","publisher":{"@id":"https:\/\/adhd-chess.com\/#organization"},"potentialAction":[{"@type":"SearchAction","target":{"@type":"EntryPoint","urlTemplate":"https:\/\/adhd-chess.com\/?s={search_term_string}"},"query-input":"required name=search_term_string"}],"inLanguage":"es"},{"@type":"Organization","@id":"https:\/\/adhd-chess.com\/#organization","name":"TDAH & Ajedrez","url":"https:\/\/adhd-chess.com\/","logo":{"@type":"ImageObject","inLanguage":"es","@id":"https:\/\/adhd-chess.com\/#\/schema\/logo\/image\/","url":"https:\/\/adhd-chess.com\/wp-content\/uploads\/2019\/03\/logo_L_en.png","contentUrl":"https:\/\/adhd-chess.com\/wp-content\/uploads\/2019\/03\/logo_L_en.png","width":418,"height":102,"caption":"TDAH & Ajedrez"},"image":{"@id":"https:\/\/adhd-chess.com\/#\/schema\/logo\/image\/"},"sameAs":["https:\/\/www.facebook.com\/ADHD-Chess-322663441962359","https:\/\/twitter.com\/AdhdChess","https:\/\/www.instagram.com\/adhdchess","https:\/\/www.linkedin.com\/company\/adhd-chess"]}]}},"_links":{"self":[{"href":"https:\/\/adhd-chess.com\/es\/wp-json\/wp\/v2\/product\/10477"}],"collection":[{"href":"https:\/\/adhd-chess.com\/es\/wp-json\/wp\/v2\/product"}],"about":[{"href":"https:\/\/adhd-chess.com\/es\/wp-json\/wp\/v2\/types\/product"}],"replies":[{"embeddable":true,"href":"https:\/\/adhd-chess.com\/es\/wp-json\/wp\/v2\/comments?post=10477"}],"wp:featuredmedia":[{"embeddable":true,"href":"https:\/\/adhd-chess.com\/es\/wp-json\/wp\/v2\/media\/10625"}],"wp:attachment":[{"href":"https:\/\/adhd-chess.com\/es\/wp-json\/wp\/v2\/media?parent=10477"}],"curies":[{"name":"wp","href":"https:\/\/api.w.org\/{rel}","templated":true}]}}