{"id":8312,"date":"2019-07-25T22:47:28","date_gmt":"2019-07-25T21:47:28","guid":{"rendered":"https:\/\/adhd-chess.com\/buy-training-plans-priority-thanks\/"},"modified":"2019-12-22T17:59:36","modified_gmt":"2019-12-22T16:59:36","slug":"buy-training-plans-priority-thanks","status":"publish","type":"page","link":"https:\/\/adhd-chess.com\/es\/buy-training-plans-priority-thanks\/","title":{"rendered":"Compra Planes Entrenamiento Prioritarios Gracias"},"content":{"rendered":"<div class=\"fusion-fullwidth fullwidth-box fusion-builder-row-1 nonhundred-percent-fullwidth non-hundred-percent-height-scrolling\" style=\"background-color: #ffffff;background-position: center center;background-repeat: no-repeat;padding-top:0px;padding-right:0px;padding-bottom:0px;padding-left:0px;margin-bottom: 40px;margin-top: 40px;border-width: 0px 0px 0px 0px;border-color:#eae9e9;border-style:solid;\" ><div class=\"fusion-builder-row fusion-row\"><div class=\"fusion-layout-column fusion_builder_column fusion-builder-column-0 fusion_builder_column_1_1 1_1 fusion-one-full fusion-column-first fusion-column-last\" style=\"margin-top:10px;margin-bottom:10px;\"><div class=\"fusion-column-wrapper fusion-flex-column-wrapper-legacy\" style=\"background-position:left top;background-repeat:no-repeat;-webkit-background-size:cover;-moz-background-size:cover;-o-background-size:cover;background-size:cover;padding: 0px 0px 0px 0px;\"><div class=\"fusion-text fusion-text-1\"><p class=\"destacado\" style=\"text-align: center;\">Gracias por su inter\u00e9s. Su email est\u00e1 ahora incluido en nuestra Lista de Usuarios Prioritarios.<\/p>\n<\/div><div class=\"fusion-sep-clear\"><\/div><div class=\"fusion-separator\" style=\"margin-left: auto;margin-right: auto;margin-top:30px;margin-bottom:40px;width:100%;max-width:270px;\"><div class=\"fusion-separator-border sep-single sep-solid\" style=\"border-color:#e0dede;border-top-width:1px;\"><\/div><\/div><div class=\"fusion-sep-clear\"><\/div><div class=\"fusion-text fusion-text-2\"><p style=\"text-align: center;\">Contactaremos con usted tan pronto como tengamos todo listo. La fecha estimada es la \u00faltima semana de Enero 2020.<\/p>\n<\/div><div class=\"fusion-text fusion-text-3\"><p style=\"text-align: center;\">Como <strong>usuario prioritario<\/strong>, tambi\u00e9n recibir\u00e1 un cup\u00f3n v\u00e1lido por el <strong>10% de descuento<\/strong> en su primer pago.<\/p>\n<p class=\"destacado\" style=\"text-align: center;\">Una vez m\u00e1s, muchas gracias por su inter\u00e9s y excelente apoyo.<\/p>\n<p style=\"font-weight: 600; text-align: center;\">\u00a1Por favor, siga atento a nuestras noticias!<\/p>\n<\/div><div class=\"fusion-clearfix\"><\/div><\/div><\/div><\/div><\/div>\n","protected":false},"excerpt":{"rendered":"","protected":false},"author":1,"featured_media":0,"parent":0,"menu_order":0,"comment_status":"closed","ping_status":"closed","template":"100-width.php","meta":{"content-type":"","_mi_skip_tracking":false,"_monsterinsights_sitenote_active":false,"_monsterinsights_sitenote_note":"","_monsterinsights_sitenote_category":0,"footnotes":""},"yoast_head":"<!-- This site is optimized with the Yoast SEO plugin v21.3 - https:\/\/yoast.com\/wordpress\/plugins\/seo\/ -->\n<title>Compra Planes Entrenamiento Prioritarios Gracias - ADHD &amp; Chess<\/title>\n<meta name=\"robots\" content=\"index, follow, max-snippet:-1, max-image-preview:large, max-video-preview:-1\" \/>\n<link rel=\"canonical\" href=\"https:\/\/adhd-chess.com\/es\/buy-training-plans-priority-thanks\/\" \/>\n<meta property=\"og:locale\" content=\"es_ES\" \/>\n<meta property=\"og:type\" content=\"article\" \/>\n<meta property=\"og:title\" content=\"Compra Planes Entrenamiento Prioritarios Gracias - ADHD &amp; Chess\" \/>\n<meta property=\"og:url\" content=\"https:\/\/adhd-chess.com\/es\/buy-training-plans-priority-thanks\/\" \/>\n<meta property=\"og:site_name\" content=\"ADHD &amp; Chess\" \/>\n<meta property=\"article:publisher\" content=\"https:\/\/www.facebook.com\/ADHD-Chess-322663441962359\" \/>\n<meta property=\"article:modified_time\" content=\"2019-12-22T16:59:36+00:00\" \/>\n<meta name=\"twitter:card\" content=\"summary_large_image\" \/>\n<meta name=\"twitter:site\" content=\"@AdhdChess\" \/>\n<meta name=\"twitter:label1\" content=\"Tiempo de lectura\" \/>\n\t<meta name=\"twitter:data1\" content=\"2 minutos\" \/>\n<script type=\"application\/ld+json\" class=\"yoast-schema-graph\">{\"@context\":\"https:\/\/schema.org\",\"@graph\":[{\"@type\":\"WebPage\",\"@id\":\"https:\/\/adhd-chess.com\/es\/buy-training-plans-priority-thanks\/\",\"url\":\"https:\/\/adhd-chess.com\/es\/buy-training-plans-priority-thanks\/\",\"name\":\"Compra Planes Entrenamiento Prioritarios Gracias - ADHD &amp; Chess\",\"isPartOf\":{\"@id\":\"https:\/\/adhd-chess.com\/#website\"},\"datePublished\":\"2019-07-25T21:47:28+00:00\",\"dateModified\":\"2019-12-22T16:59:36+00:00\",\"breadcrumb\":{\"@id\":\"https:\/\/adhd-chess.com\/es\/buy-training-plans-priority-thanks\/#breadcrumb\"},\"inLanguage\":\"es\",\"potentialAction\":[{\"@type\":\"ReadAction\",\"target\":[\"https:\/\/adhd-chess.com\/es\/buy-training-plans-priority-thanks\/\"]}]},{\"@type\":\"BreadcrumbList\",\"@id\":\"https:\/\/adhd-chess.com\/es\/buy-training-plans-priority-thanks\/#breadcrumb\",\"itemListElement\":[{\"@type\":\"ListItem\",\"position\":1,\"name\":\"Home\",\"item\":\"https:\/\/adhd-chess.com\/es\/\"},{\"@type\":\"ListItem\",\"position\":2,\"name\":\"Compra Planes Entrenamiento Prioritarios Gracias\"}]},{\"@type\":\"WebSite\",\"@id\":\"https:\/\/adhd-chess.com\/#website\",\"url\":\"https:\/\/adhd-chess.com\/\",\"name\":\"ADHD &amp; Chess\",\"description\":\"ADHD treatment using Chess tools\",\"publisher\":{\"@id\":\"https:\/\/adhd-chess.com\/#organization\"},\"potentialAction\":[{\"@type\":\"SearchAction\",\"target\":{\"@type\":\"EntryPoint\",\"urlTemplate\":\"https:\/\/adhd-chess.com\/?s={search_term_string}\"},\"query-input\":\"required name=search_term_string\"}],\"inLanguage\":\"es\"},{\"@type\":\"Organization\",\"@id\":\"https:\/\/adhd-chess.com\/#organization\",\"name\":\"TDAH & Ajedrez\",\"url\":\"https:\/\/adhd-chess.com\/\",\"logo\":{\"@type\":\"ImageObject\",\"inLanguage\":\"es\",\"@id\":\"https:\/\/adhd-chess.com\/#\/schema\/logo\/image\/\",\"url\":\"https:\/\/adhd-chess.com\/wp-content\/uploads\/2019\/03\/logo_L_en.png\",\"contentUrl\":\"https:\/\/adhd-chess.com\/wp-content\/uploads\/2019\/03\/logo_L_en.png\",\"width\":418,\"height\":102,\"caption\":\"TDAH & Ajedrez\"},\"image\":{\"@id\":\"https:\/\/adhd-chess.com\/#\/schema\/logo\/image\/\"},\"sameAs\":[\"https:\/\/www.facebook.com\/ADHD-Chess-322663441962359\",\"https:\/\/twitter.com\/AdhdChess\",\"https:\/\/www.instagram.com\/adhdchess\",\"https:\/\/www.linkedin.com\/company\/adhd-chess\"]}]}<\/script>\n<!-- \/ Yoast SEO plugin. -->","yoast_head_json":{"title":"Compra Planes Entrenamiento Prioritarios Gracias - ADHD &amp; Chess","robots":{"index":"index","follow":"follow","max-snippet":"max-snippet:-1","max-image-preview":"max-image-preview:large","max-video-preview":"max-video-preview:-1"},"canonical":"https:\/\/adhd-chess.com\/es\/buy-training-plans-priority-thanks\/","og_locale":"es_ES","og_type":"article","og_title":"Compra Planes Entrenamiento Prioritarios Gracias - ADHD &amp; Chess","og_url":"https:\/\/adhd-chess.com\/es\/buy-training-plans-priority-thanks\/","og_site_name":"ADHD &amp; Chess","article_publisher":"https:\/\/www.facebook.com\/ADHD-Chess-322663441962359","article_modified_time":"2019-12-22T16:59:36+00:00","twitter_card":"summary_large_image","twitter_site":"@AdhdChess","twitter_misc":{"Tiempo de lectura":"2 minutos"},"schema":{"@context":"https:\/\/schema.org","@graph":[{"@type":"WebPage","@id":"https:\/\/adhd-chess.com\/es\/buy-training-plans-priority-thanks\/","url":"https:\/\/adhd-chess.com\/es\/buy-training-plans-priority-thanks\/","name":"Compra Planes Entrenamiento Prioritarios Gracias - ADHD &amp; Chess","isPartOf":{"@id":"https:\/\/adhd-chess.com\/#website"},"datePublished":"2019-07-25T21:47:28+00:00","dateModified":"2019-12-22T16:59:36+00:00","breadcrumb":{"@id":"https:\/\/adhd-chess.com\/es\/buy-training-plans-priority-thanks\/#breadcrumb"},"inLanguage":"es","potentialAction":[{"@type":"ReadAction","target":["https:\/\/adhd-chess.com\/es\/buy-training-plans-priority-thanks\/"]}]},{"@type":"BreadcrumbList","@id":"https:\/\/adhd-chess.com\/es\/buy-training-plans-priority-thanks\/#breadcrumb","itemListElement":[{"@type":"ListItem","position":1,"name":"Home","item":"https:\/\/adhd-chess.com\/es\/"},{"@type":"ListItem","position":2,"name":"Compra Planes Entrenamiento Prioritarios Gracias"}]},{"@type":"WebSite","@id":"https:\/\/adhd-chess.com\/#website","url":"https:\/\/adhd-chess.com\/","name":"ADHD &amp; Chess","description":"ADHD treatment using Chess tools","publisher":{"@id":"https:\/\/adhd-chess.com\/#organization"},"potentialAction":[{"@type":"SearchAction","target":{"@type":"EntryPoint","urlTemplate":"https:\/\/adhd-chess.com\/?s={search_term_string}"},"query-input":"required name=search_term_string"}],"inLanguage":"es"},{"@type":"Organization","@id":"https:\/\/adhd-chess.com\/#organization","name":"TDAH & Ajedrez","url":"https:\/\/adhd-chess.com\/","logo":{"@type":"ImageObject","inLanguage":"es","@id":"https:\/\/adhd-chess.com\/#\/schema\/logo\/image\/","url":"https:\/\/adhd-chess.com\/wp-content\/uploads\/2019\/03\/logo_L_en.png","contentUrl":"https:\/\/adhd-chess.com\/wp-content\/uploads\/2019\/03\/logo_L_en.png","width":418,"height":102,"caption":"TDAH & Ajedrez"},"image":{"@id":"https:\/\/adhd-chess.com\/#\/schema\/logo\/image\/"},"sameAs":["https:\/\/www.facebook.com\/ADHD-Chess-322663441962359","https:\/\/twitter.com\/AdhdChess","https:\/\/www.instagram.com\/adhdchess","https:\/\/www.linkedin.com\/company\/adhd-chess"]}]}},"_links":{"self":[{"href":"https:\/\/adhd-chess.com\/es\/wp-json\/wp\/v2\/pages\/8312"}],"collection":[{"href":"https:\/\/adhd-chess.com\/es\/wp-json\/wp\/v2\/pages"}],"about":[{"href":"https:\/\/adhd-chess.com\/es\/wp-json\/wp\/v2\/types\/page"}],"author":[{"embeddable":true,"href":"https:\/\/adhd-chess.com\/es\/wp-json\/wp\/v2\/users\/1"}],"replies":[{"embeddable":true,"href":"https:\/\/adhd-chess.com\/es\/wp-json\/wp\/v2\/comments?post=8312"}],"version-history":[{"count":8,"href":"https:\/\/adhd-chess.com\/es\/wp-json\/wp\/v2\/pages\/8312\/revisions"}],"predecessor-version":[{"id":8320,"href":"https:\/\/adhd-chess.com\/es\/wp-json\/wp\/v2\/pages\/8312\/revisions\/8320"}],"wp:attachment":[{"href":"https:\/\/adhd-chess.com\/es\/wp-json\/wp\/v2\/media?parent=8312"}],"curies":[{"name":"wp","href":"https:\/\/api.w.org\/{rel}","templated":true}]}}