{"id":8147,"date":"2019-12-11T11:37:53","date_gmt":"2019-12-11T10:37:53","guid":{"rendered":"https:\/\/adhd-chess.com\/comprar-prioridad-plan-de-entrenamiento-mono\/"},"modified":"2020-08-31T13:52:44","modified_gmt":"2020-08-31T12:52:44","slug":"comprar-prioridad-plan-de-entrenamiento-mono","status":"publish","type":"page","link":"https:\/\/adhd-chess.com\/es\/comprar-prioridad-plan-de-entrenamiento-mono\/","title":{"rendered":"Comprar prioridad Plan de Entrenamiento Mono"},"content":{"rendered":"<p><div class=\"fusion-fullwidth fullwidth-box fusion-builder-row-1 nonhundred-percent-fullwidth non-hundred-percent-height-scrolling\" style=\"background-color: #f2f2f2;background-position: center center;background-repeat: no-repeat;padding-top:30px;padding-right:0px;padding-bottom:10px;padding-left:0px;margin-bottom: 0px;border-width: 1px 0px 1px 0px;border-color:#eae9e9;border-style:solid;\" ><div class=\"fusion-builder-row fusion-row\"><div class=\"fusion-layout-column fusion_builder_column fusion-builder-column-0 fusion_builder_column_1_5 1_5 fusion-one-fifth fusion-column-first\" style=\"width:20%;width:calc(20% - ( ( 4% ) * 0.2 ) );margin-right: 4%;margin-top:10px;margin-bottom:10px;\"><div class=\"fusion-column-wrapper fusion-flex-column-wrapper-legacy\" style=\"background-position:left top;background-repeat:no-repeat;-webkit-background-size:cover;-moz-background-size:cover;-o-background-size:cover;background-size:cover;padding: 0px 0px 0px 0px;\"><span class=\" fusion-imageframe imageframe-none imageframe-1 hover-type-none\"><img decoding=\"async\" width=\"248\" height=\"185\" title=\"MONO\" src=\"https:\/\/adhd-chess.com\/wp-content\/uploads\/2019\/03\/MONO.png\" alt class=\"img-responsive wp-image-3256\" srcset=\"https:\/\/adhd-chess.com\/wp-content\/uploads\/2019\/03\/MONO-200x149.png 200w, https:\/\/adhd-chess.com\/wp-content\/uploads\/2019\/03\/MONO.png 248w\" sizes=\"(max-width: 1000px) 100vw, 248px\" \/><\/span><div class=\"fusion-clearfix\"><\/div><\/div><\/div><div class=\"fusion-layout-column fusion_builder_column fusion-builder-column-1 fusion_builder_column_4_5 4_5 fusion-four-fifth fusion-column-last\" style=\"width:80%;width:calc(80% - ( ( 4% ) * 0.8 ) );margin-top:10px;margin-bottom:10px;\"><div class=\"fusion-column-wrapper fusion-flex-column-wrapper-legacy\" style=\"background-position:left top;background-repeat:no-repeat;-webkit-background-size:cover;-moz-background-size:cover;-o-background-size:cover;background-size:cover;padding: 0px 0px 0px 0px;\"><style type=\"text\/css\"><\/style><div class=\"fusion-title title fusion-title-1 fusion-title-text fusion-title-size-two\" style=\"margin-top:0px;margin-right:0px;margin-bottom:30px;margin-left:0px;\"><h2 class=\"title-heading-left fusion-responsive-typography-calculated\" style=\"margin:0;--fontSize:34;line-height:1.47;\">Plan de Entrenamiento Mono<\/h2><span class=\"awb-title-spacer\"><\/span><div class=\"title-sep-container\"><div class=\"title-sep sep-\" style=\"border-color:#e0dede;\"><\/div><\/div><\/div><style type=\"text\/css\"><\/style><div class=\"fusion-title title fusion-title-2 fusion-title-text fusion-title-size-three\" style=\"margin-top:0px;margin-right:0px;margin-bottom:30px;margin-left:0px;\"><h3 class=\"title-heading-left fusion-responsive-typography-calculated\" style=\"margin:0;--fontSize:24;line-height:1.4;\">El plan recomendado que equilibra la variedad de ejercicios y el compromiso de tiempo.<\/h3><span class=\"awb-title-spacer\"><\/span><div class=\"title-sep-container\"><div class=\"title-sep sep-\" style=\"border-color:#e0dede;\"><\/div><\/div><\/div><div class=\"fusion-clearfix\"><\/div><\/div><\/div><\/div><\/div><div class=\"fusion-fullwidth fullwidth-box fusion-builder-row-2 nonhundred-percent-fullwidth non-hundred-percent-height-scrolling\" style=\"background-color: #ffffff;background-position: center center;background-repeat: no-repeat;padding-top:0px;padding-right:0px;padding-bottom:0px;padding-left:0px;margin-bottom: 40px;margin-top: 30px;border-width: 0px 0px 0px 0px;border-color:#eae9e9;border-style:solid;\" ><div class=\"fusion-builder-row fusion-row\"><div class=\"fusion-layout-column fusion_builder_column fusion-builder-column-2 fusion_builder_column_1_1 1_1 fusion-one-full fusion-column-first fusion-column-last\" style=\"margin-top:10px;margin-bottom:10px;\"><div class=\"fusion-column-wrapper fusion-flex-column-wrapper-legacy\" style=\"background-position:left top;background-repeat:no-repeat;-webkit-background-size:cover;-moz-background-size:cover;-o-background-size:cover;background-size:cover;padding: 0px 0px 0px 0px;\"><div class=\"fusion-sep-clear\"><\/div><div class=\"fusion-separator fusion-full-width-sep\" style=\"margin-left: auto;margin-right: auto;margin-bottom:20px;width:100%;\"><\/div><div class=\"fusion-sep-clear\"><\/div><div class=\"fusion-text fusion-text-1\"><p class=\"destacado\" style=\"text-align: center;\">Actualmente estamos realizando algunos <strong> ajustes finales <\/strong> para agregar algunas funcionalidades a nuestros <strong> Planes de Entrenamiento<\/strong>.<\/p>\n<\/div><div class=\"fusion-sep-clear\"><\/div><div class=\"fusion-separator fusion-full-width-sep\" style=\"margin-left: auto;margin-right: auto;margin-top:20px;width:100%;\"><\/div><div class=\"fusion-sep-clear\"><\/div><div class=\"fusion-text fusion-text-2\"><p style=\"text-align: center;\">Para convertirse en un <strong> usuario prioritario<\/strong>, env\u00edenos <strong> su correo electr\u00f3nico <\/strong> y nos pondremos en contacto con usted tan pronto como tengamos todo listo. La fecha estimada es la segunda semana Septiembre 2020.<\/p>\n<p style=\"text-align: center;\">Adem\u00e1s, le enviaremos un <strong> c\u00f3digo de descuento del 10% <\/strong> para el primer pago que realice.<\/p>\n<\/div><div class=\"fusion-sep-clear\"><\/div><div class=\"fusion-separator\" style=\"margin-left: auto;margin-right: auto;width:100%;max-width:270px;\"><div class=\"fusion-separator-border sep-single sep-solid\" style=\"border-color:#e0dede;border-top-width:1px;\"><\/div><\/div><div class=\"fusion-sep-clear\"><\/div><div class=\"fusion-text fusion-text-3\"><p style=\"text-align: center;\"><div id='divBillingPlan'><form action='https:\/\/adhd-chess.com\/wp-admin\/admin-post.php' method='post'><input type='hidden' name='action' value='submit-myuserinterestedform' \/><input type='hidden' name='codLengua' value='ES' \/><input type='hidden' name='callingPage' value='https:\/\/adhd-chess.com\/es\/wp-json\/wp\/v2\/pages\/8147\/' \/><p><input type='email' name='email' placeholder='Enter your email' style='padding-left:10px;'\/><\/p><p style='font-size:13px; line-height:18px; margin-top:30px;'><em>Por favor, d\u00edganos su per\u00edodo de facturaci\u00f3n preferido y obtenga su 10% de descuento adicional<\/em><\/p><p id='pcontainerSelectBillingPlan'><select name ='selectBillingPlan' id='selectBillingPlan'><option value=''><\/option><option value=''><\/option><option value=''><\/option><\/select><\/p><div class='fusion-separator fusion-full-width-sep sep-none' style='margin-left: auto;margin-right: auto;margin-top:;margin-bottom:10px;'><\/div><p style='margin-left:-50px;'><input type='submit' class='fusion-button button-flat fusion-button-square button-large button-green button-1 btnHeaderPortfolio' value='\u00daNASE AHORA A LA LISTA DE USUARIOS PRIORITARIOS' \/><\/p><\/form><\/div><\/p>\n<\/div><div class=\"fusion-clearfix\"><\/div><\/div><\/div><\/div><\/div><\/p>\n","protected":false},"excerpt":{"rendered":"","protected":false},"author":1,"featured_media":0,"parent":0,"menu_order":0,"comment_status":"closed","ping_status":"closed","template":"100-width.php","meta":{"content-type":"","_mi_skip_tracking":false,"_monsterinsights_sitenote_active":false,"_monsterinsights_sitenote_note":"","_monsterinsights_sitenote_category":0,"footnotes":""},"yoast_head":"<!-- This site is optimized with the Yoast SEO plugin v21.3 - https:\/\/yoast.com\/wordpress\/plugins\/seo\/ -->\n<title>Comprar prioridad Plan de Entrenamiento Mono - ADHD &amp; Chess<\/title>\n<meta name=\"robots\" content=\"index, follow, max-snippet:-1, max-image-preview:large, max-video-preview:-1\" \/>\n<link rel=\"canonical\" href=\"https:\/\/adhd-chess.com\/es\/comprar-prioridad-plan-de-entrenamiento-mono\/\" \/>\n<meta property=\"og:locale\" content=\"es_ES\" \/>\n<meta property=\"og:type\" content=\"article\" \/>\n<meta property=\"og:title\" content=\"Comprar prioridad Plan de Entrenamiento Mono - ADHD &amp; Chess\" \/>\n<meta property=\"og:url\" content=\"https:\/\/adhd-chess.com\/es\/comprar-prioridad-plan-de-entrenamiento-mono\/\" \/>\n<meta property=\"og:site_name\" content=\"ADHD &amp; Chess\" \/>\n<meta property=\"article:publisher\" content=\"https:\/\/www.facebook.com\/ADHD-Chess-322663441962359\" \/>\n<meta property=\"article:modified_time\" content=\"2020-08-31T12:52:44+00:00\" \/>\n<meta name=\"twitter:card\" content=\"summary_large_image\" \/>\n<meta name=\"twitter:site\" content=\"@AdhdChess\" \/>\n<meta name=\"twitter:label1\" content=\"Tiempo de lectura\" \/>\n\t<meta name=\"twitter:data1\" content=\"5 minutos\" \/>\n<script type=\"application\/ld+json\" class=\"yoast-schema-graph\">{\"@context\":\"https:\/\/schema.org\",\"@graph\":[{\"@type\":\"WebPage\",\"@id\":\"https:\/\/adhd-chess.com\/es\/comprar-prioridad-plan-de-entrenamiento-mono\/\",\"url\":\"https:\/\/adhd-chess.com\/es\/comprar-prioridad-plan-de-entrenamiento-mono\/\",\"name\":\"Comprar prioridad Plan de Entrenamiento Mono - ADHD &amp; Chess\",\"isPartOf\":{\"@id\":\"https:\/\/adhd-chess.com\/#website\"},\"datePublished\":\"2019-12-11T10:37:53+00:00\",\"dateModified\":\"2020-08-31T12:52:44+00:00\",\"breadcrumb\":{\"@id\":\"https:\/\/adhd-chess.com\/es\/comprar-prioridad-plan-de-entrenamiento-mono\/#breadcrumb\"},\"inLanguage\":\"es\",\"potentialAction\":[{\"@type\":\"ReadAction\",\"target\":[\"https:\/\/adhd-chess.com\/es\/comprar-prioridad-plan-de-entrenamiento-mono\/\"]}]},{\"@type\":\"BreadcrumbList\",\"@id\":\"https:\/\/adhd-chess.com\/es\/comprar-prioridad-plan-de-entrenamiento-mono\/#breadcrumb\",\"itemListElement\":[{\"@type\":\"ListItem\",\"position\":1,\"name\":\"Home\",\"item\":\"https:\/\/adhd-chess.com\/es\/\"},{\"@type\":\"ListItem\",\"position\":2,\"name\":\"Comprar prioridad Plan de Entrenamiento Mono\"}]},{\"@type\":\"WebSite\",\"@id\":\"https:\/\/adhd-chess.com\/#website\",\"url\":\"https:\/\/adhd-chess.com\/\",\"name\":\"ADHD &amp; Chess\",\"description\":\"ADHD treatment using Chess tools\",\"publisher\":{\"@id\":\"https:\/\/adhd-chess.com\/#organization\"},\"potentialAction\":[{\"@type\":\"SearchAction\",\"target\":{\"@type\":\"EntryPoint\",\"urlTemplate\":\"https:\/\/adhd-chess.com\/?s={search_term_string}\"},\"query-input\":\"required name=search_term_string\"}],\"inLanguage\":\"es\"},{\"@type\":\"Organization\",\"@id\":\"https:\/\/adhd-chess.com\/#organization\",\"name\":\"TDAH & Ajedrez\",\"url\":\"https:\/\/adhd-chess.com\/\",\"logo\":{\"@type\":\"ImageObject\",\"inLanguage\":\"es\",\"@id\":\"https:\/\/adhd-chess.com\/#\/schema\/logo\/image\/\",\"url\":\"https:\/\/adhd-chess.com\/wp-content\/uploads\/2019\/03\/logo_L_en.png\",\"contentUrl\":\"https:\/\/adhd-chess.com\/wp-content\/uploads\/2019\/03\/logo_L_en.png\",\"width\":418,\"height\":102,\"caption\":\"TDAH & Ajedrez\"},\"image\":{\"@id\":\"https:\/\/adhd-chess.com\/#\/schema\/logo\/image\/\"},\"sameAs\":[\"https:\/\/www.facebook.com\/ADHD-Chess-322663441962359\",\"https:\/\/twitter.com\/AdhdChess\",\"https:\/\/www.instagram.com\/adhdchess\",\"https:\/\/www.linkedin.com\/company\/adhd-chess\"]}]}<\/script>\n<!-- \/ Yoast SEO plugin. -->","yoast_head_json":{"title":"Comprar prioridad Plan de Entrenamiento Mono - ADHD &amp; Chess","robots":{"index":"index","follow":"follow","max-snippet":"max-snippet:-1","max-image-preview":"max-image-preview:large","max-video-preview":"max-video-preview:-1"},"canonical":"https:\/\/adhd-chess.com\/es\/comprar-prioridad-plan-de-entrenamiento-mono\/","og_locale":"es_ES","og_type":"article","og_title":"Comprar prioridad Plan de Entrenamiento Mono - ADHD &amp; Chess","og_url":"https:\/\/adhd-chess.com\/es\/comprar-prioridad-plan-de-entrenamiento-mono\/","og_site_name":"ADHD &amp; Chess","article_publisher":"https:\/\/www.facebook.com\/ADHD-Chess-322663441962359","article_modified_time":"2020-08-31T12:52:44+00:00","twitter_card":"summary_large_image","twitter_site":"@AdhdChess","twitter_misc":{"Tiempo de lectura":"5 minutos"},"schema":{"@context":"https:\/\/schema.org","@graph":[{"@type":"WebPage","@id":"https:\/\/adhd-chess.com\/es\/comprar-prioridad-plan-de-entrenamiento-mono\/","url":"https:\/\/adhd-chess.com\/es\/comprar-prioridad-plan-de-entrenamiento-mono\/","name":"Comprar prioridad Plan de Entrenamiento Mono - ADHD &amp; Chess","isPartOf":{"@id":"https:\/\/adhd-chess.com\/#website"},"datePublished":"2019-12-11T10:37:53+00:00","dateModified":"2020-08-31T12:52:44+00:00","breadcrumb":{"@id":"https:\/\/adhd-chess.com\/es\/comprar-prioridad-plan-de-entrenamiento-mono\/#breadcrumb"},"inLanguage":"es","potentialAction":[{"@type":"ReadAction","target":["https:\/\/adhd-chess.com\/es\/comprar-prioridad-plan-de-entrenamiento-mono\/"]}]},{"@type":"BreadcrumbList","@id":"https:\/\/adhd-chess.com\/es\/comprar-prioridad-plan-de-entrenamiento-mono\/#breadcrumb","itemListElement":[{"@type":"ListItem","position":1,"name":"Home","item":"https:\/\/adhd-chess.com\/es\/"},{"@type":"ListItem","position":2,"name":"Comprar prioridad Plan de Entrenamiento Mono"}]},{"@type":"WebSite","@id":"https:\/\/adhd-chess.com\/#website","url":"https:\/\/adhd-chess.com\/","name":"ADHD &amp; Chess","description":"ADHD treatment using Chess tools","publisher":{"@id":"https:\/\/adhd-chess.com\/#organization"},"potentialAction":[{"@type":"SearchAction","target":{"@type":"EntryPoint","urlTemplate":"https:\/\/adhd-chess.com\/?s={search_term_string}"},"query-input":"required name=search_term_string"}],"inLanguage":"es"},{"@type":"Organization","@id":"https:\/\/adhd-chess.com\/#organization","name":"TDAH & Ajedrez","url":"https:\/\/adhd-chess.com\/","logo":{"@type":"ImageObject","inLanguage":"es","@id":"https:\/\/adhd-chess.com\/#\/schema\/logo\/image\/","url":"https:\/\/adhd-chess.com\/wp-content\/uploads\/2019\/03\/logo_L_en.png","contentUrl":"https:\/\/adhd-chess.com\/wp-content\/uploads\/2019\/03\/logo_L_en.png","width":418,"height":102,"caption":"TDAH & Ajedrez"},"image":{"@id":"https:\/\/adhd-chess.com\/#\/schema\/logo\/image\/"},"sameAs":["https:\/\/www.facebook.com\/ADHD-Chess-322663441962359","https:\/\/twitter.com\/AdhdChess","https:\/\/www.instagram.com\/adhdchess","https:\/\/www.linkedin.com\/company\/adhd-chess"]}]}},"_links":{"self":[{"href":"https:\/\/adhd-chess.com\/es\/wp-json\/wp\/v2\/pages\/8147"}],"collection":[{"href":"https:\/\/adhd-chess.com\/es\/wp-json\/wp\/v2\/pages"}],"about":[{"href":"https:\/\/adhd-chess.com\/es\/wp-json\/wp\/v2\/types\/page"}],"author":[{"embeddable":true,"href":"https:\/\/adhd-chess.com\/es\/wp-json\/wp\/v2\/users\/1"}],"replies":[{"embeddable":true,"href":"https:\/\/adhd-chess.com\/es\/wp-json\/wp\/v2\/comments?post=8147"}],"version-history":[{"count":6,"href":"https:\/\/adhd-chess.com\/es\/wp-json\/wp\/v2\/pages\/8147\/revisions"}],"predecessor-version":[{"id":9718,"href":"https:\/\/adhd-chess.com\/es\/wp-json\/wp\/v2\/pages\/8147\/revisions\/9718"}],"wp:attachment":[{"href":"https:\/\/adhd-chess.com\/es\/wp-json\/wp\/v2\/media?parent=8147"}],"curies":[{"name":"wp","href":"https:\/\/api.w.org\/{rel}","templated":true}]}}