{"id":7007,"date":"2019-08-13T10:46:44","date_gmt":"2019-08-13T09:46:44","guid":{"rendered":"https:\/\/adhd-chess.com\/?page_id=7007"},"modified":"2022-03-08T16:39:42","modified_gmt":"2022-03-08T15:39:42","slug":"politica-de-privacidad","status":"publish","type":"page","link":"https:\/\/adhd-chess.com\/es\/politica-de-privacidad\/","title":{"rendered":"Pol\u00edtica de privacidad"},"content":{"rendered":"<div class=\"fusion-fullwidth fullwidth-box fusion-builder-row-1 nonhundred-percent-fullwidth non-hundred-percent-height-scrolling\" style=\"background-color: #ffffff;background-position: center center;background-repeat: no-repeat;padding-top:0px;padding-right:0px;padding-bottom:0px;padding-left:0px;margin-bottom: 0px;margin-top: 0px;border-width: 0px 0px 0px 0px;border-color:#eae9e9;border-style:solid;\" ><div class=\"fusion-builder-row fusion-row\"><div class=\"fusion-layout-column fusion_builder_column fusion-builder-column-0 fusion_builder_column_1_1 1_1 fusion-one-full fusion-column-first fusion-column-last\" style=\"margin-top:10px;margin-bottom:10px;\"><div class=\"fusion-column-wrapper fusion-flex-column-wrapper-legacy\" style=\"background-position:left top;background-repeat:no-repeat;-webkit-background-size:cover;-moz-background-size:cover;-o-background-size:cover;background-size:cover;padding: 0px 0px 0px 0px;\"><style type=\"text\/css\"><\/style><div class=\"fusion-title title fusion-title-1 fusion-title-text fusion-title-size-two\" style=\"margin-top:0px;margin-right:0px;margin-bottom:30px;margin-left:0px;\"><h2 class=\"title-heading-left fusion-responsive-typography-calculated\" style=\"margin:0;--fontSize:34;line-height:1.47;\">POL\u00cdTICA DE PRIVACIDAD<br \/><\/h2><span class=\"awb-title-spacer\"><\/span><div class=\"title-sep-container\"><div class=\"title-sep sep-\" style=\"border-color:#e0dede;\"><\/div><\/div><\/div><div class=\"fusion-sep-clear\"><\/div><div class=\"fusion-separator fusion-full-width-sep\" style=\"margin-left: auto;margin-right: auto;margin-top:-15px;margin-bottom:25px;width:100%;\"><div class=\"fusion-separator-border sep-single sep-solid\" style=\"border-color:#e0dede;border-top-width:1px;\"><\/div><\/div><div class=\"fusion-sep-clear\"><\/div><div class=\"fusion-text fusion-text-1\"><p>Para la prestaci\u00f3n de sus servicios y la gesti\u00f3n del sitio web https:\/\/adhd-chess.com\/es\/ o de cualquier sitio web vinculado (en adelante, todos ellos, el \u00abSitio Web\u00bb) y de las aplicaciones m\u00f3viles vinculadas al Sitio Web (en adelante, las \u00abAplicaciones\u00bb), Estudios y M\u00e9todos para la Ense\u00f1anza del Ajedrez, S.L.U. (\u00abTDAH &amp; Ajedrez\u00bb) recoge y trata datos de car\u00e1cter personal en los distintos supuestos establecidos en esta Pol\u00edtica de Privacidad.<\/p>\n<\/p>\n<p>En su condici\u00f3n de responsable del tratamiento de los datos personales recogidos en el Sitio Web o en las Aplicaciones, TDAH &amp; Ajedrez informa que su domicilio, a efectos de gesti\u00f3n, se encuentra en Apolonio Morales 21, Madrid.<\/p>\n<\/p>\n<p>La base jur\u00eddica para el tratamiento de los datos personales y el plazo durante el que se conservar\u00e1n los datos personales o los criterios utilizados para determinar ese plazo ser\u00e1n indicados en cada uno de los supuestos establecidos en esta Pol\u00edtica de Privacidad.<\/p>\n<\/p>\n<p>TDAH &amp; Ajedrez se compromete a tener las medidas de seguridad que correspondan para garantizar un nivel de seguridad adecuado en virtud de la normativa aplicable en cada momento.<\/p>\n<\/p>\n<p>Para cumplir con las finalidades indicadas a continuaci\u00f3n, podemos compartir la informaci\u00f3n proporcionada o generada en nuestro Sitio Web o en las Aplicaciones con proveedores de servicios que prestan servicios en nuestro nombre, tal y como proveedores de servicios de pago o empresas de alojamiento.<\/p>\n<\/p>\n<p>Tenga en cuenta que algunos de nuestros proveedores de servicios pueden estar ubicados en pa\u00edses fuera del Espacio Econ\u00f3mico Europeo que no tienen leyes de protecci\u00f3n de datos equivalentes a las del Espacio Econ\u00f3mico Europeo. No obstante, ofrecemos las garant\u00edas adecuadas para asegurarnos de que su informaci\u00f3n personal est\u00e9 protegida en todo momento de conformidad con la normativa aplicable en cada momento. Puede obtener una copia de las garant\u00edas adecuadas aplicables en cada caso para su revisi\u00f3n si nos lo solicita utilizando los datos de contacto facilitados al inicio de esta Pol\u00edtica de Privacidad.<\/p>\n<\/p>\n<p>Asimismo, podemos comunicar sus datos personales a terceros tales como bancos o autoridades p\u00fablicas u organismos de seguridad o de prevenci\u00f3n del fraude, cuando sea un requisito legal, o un requisito necesario para la ejecuci\u00f3n contractual.<\/p>\n<\/p>\n<p>Tambi\u00e9n podremos comunicar sus datos personales a Google + o Facebook si el usuario elige vincular sus cuentas en esas redes sociales con TDAH &amp; Ajedrez.<\/p>\n<\/p>\n<p>El usuario tiene el derecho a solicitar una copia de cualquier informaci\u00f3n personal que tengamos sobre \u00e9l en nuestros registros, a corregir cualquier inexactitud y a actualizar alguna informaci\u00f3n desactualizada. Tambi\u00e9n puede pedirnos que no le enviemos ninguna comunicaci\u00f3n comercial, solicitar la supresi\u00f3n de sus datos personales cuando, entre otros motivos, los datos ya no sean necesarios para los fines que fueron recogidos o, en su caso, solicitar la portabilidad de sus datos. En determinadas circunstancias, puede solicitar la limitaci\u00f3n del tratamiento de sus datos o bien oponerse al tratamiento de sus datos. TDAH &amp; Ajedrez dejar\u00e1 de tratar los datos, salvo por motivos leg\u00edtimos imperiosos, o el ejercicio o la defensa de posibles reclamaciones. Asimismo, el usuario tiene derecho a retirar su consentimiento en cualquier momento, cuando esta sea la base legal para el tratamiento de sus datos personales. Por \u00faltimo, tiene derecho a la tutela de la Agencia Espa\u00f1ola de Protecci\u00f3n de Datos, en www.agpd.es.<\/p>\n<\/p>\n<p>Cualquier interesado que quiera ejercitar alguno de los derechos anteriores podr\u00e1 hacerlo en la siguiente direcci\u00f3n de correo electr\u00f3nico: legal@tdah-ajedrez.com, haciendo referencia clara en el asunto del mensaje al ejercicio del derecho correspondiente.<\/p>\n<\/p>\n<p>TDAH &amp; Ajedrez contestar\u00e1 la solicitud que se le dirija en todo caso, con independencia de que la solicitud sea pertinente o no. En el caso de que la solicitud no re\u00fana los requisitos necesarios para poder procesar la misma, TDAH &amp; Ajedrez solicitar\u00e1 la subsanaci\u00f3n de los mismos.<\/p>\n<\/p>\n<p>TDAH &amp; Ajedrez recoge datos personales en los siguientes supuestos:<\/p>\n<p><b>1)\tUtilizaci\u00f3n de <a href=\"https:\/\/adhd-chess.com\/es\/politica-de-cookies\/\" target=\"_blank\" rel=\"noopener noreferrer\">cookies<\/a> y de la direcci\u00f3n IP de los usuarios del Sitio Web<\/b><\/p>\n<p><b>2)\tTratamiento de datos durante el uso de los Servicios por los Usuarios<\/b><\/p>\n<\/p>\n<p>Durante el proceso de registro y la prestaci\u00f3n de los Servicios, los diferentes usuarios de los mismos ya sean Tutores, Alumnos o Tutores Secundarios, podr\u00e1n facilitar a TDAH &amp; Ajedrez datos personales incluyendo, datos identificativos, datos de pago, datos de rendimiento y de uso del Sitio Web y las Aplicaciones por los Alumnos.<\/p>\n<\/p>\n<p>La finalidad del tratamiento de los citados datos personales es la gesti\u00f3n del seguimiento de la evoluci\u00f3n del alumno, la gesti\u00f3n administrativa y econ\u00f3mica de la relaci\u00f3n con sus representantes legales y tutores secundarios, y, en general, la prestaci\u00f3n y mejora de los Servicios, incluyendo mediante el an\u00e1lisis e investigaci\u00f3n estad\u00edstica de las condiciones y resultados del uso de los Servicios, as\u00ed como el env\u00edo de novedades, obsequios, descuentos y promociones relevantes relativas a TDAH &amp; Ajedrez. En cualquier momento, el usuario podr\u00e1 dejar de recibir las anteriores comunicaciones, enviando un correo a la direcci\u00f3n legal@tdah-ajedrez.com.<\/p>\n<\/p>\n<p>Como parte del servicio prestado, TDAH &amp; Ajedrez puede permitir que los Alumnos puedan conectar entre s\u00ed a trav\u00e9s de diferentes herramientas y utilidades, as\u00ed como acceder a informaci\u00f3n limitada de otros alumnos, para lo cual se permite que un Alumno pueda consultar, a trav\u00e9s de un motor de b\u00fasqueda interno, el nombre de usuario facilitado en el registro del resto de Alumnos.<\/p>\n<\/p>\n<p>Asimismo, TDAH &amp; Ajedrez permite la comunicaci\u00f3n a los tutores de cada alumno de los datos relativos a la evoluci\u00f3n de tales alumnos y la funci\u00f3n de b\u00fasqueda antes citada.<\/p>\n<\/p>\n<p>La base jur\u00eddica para el tratamiento de los datos anteriores es la ejecuci\u00f3n de los contratos correspondientes o, en su caso, el inter\u00e9s leg\u00edtimo de TDAH &amp; Ajedrez en ofrecer sus servicios y en informar sobre novedades, obsequios, descuentos y promociones relevantes relativas a TDAH &amp; Ajedrez a los usuarios que no se opongan a la recepci\u00f3n de esa informaci\u00f3n.<\/p>\n<\/p>\n<p>TDAH &amp; Ajedrez guardar\u00e1 la informaci\u00f3n de car\u00e1cter personal de los usuarios mientras se mantenga vigente la cuenta correspondiente. Si es razonablemente necesario o requerido y siempre y cuando sea con el con el fin de cumplir con exigencias legales o reglamentarias, resolver disputas, prevenir el fraude y el abuso, o para hacer cumplir los t\u00e9rminos y condiciones de TDAH &amp; Ajedrez, TDAH &amp; Ajedrez podr\u00e1 mantener determinada informaci\u00f3n relacionada con el usuario, incluso despu\u00e9s de haber cerrado su cuenta.<\/p>\n<\/p>\n<p><b>3)\tRecomendaci\u00f3n a amigos de los tutores, alumnos, o tutores secundarios<\/b><\/p>\n<\/p>\n<p>TDAH &amp; Ajedrez permite que los Tutores puedan recomendar a sus amigos la visita a la p\u00e1gina web de TDAH &amp; Ajedrez.<\/p>\n<\/p>\n<p>El nombre y la direcci\u00f3n de correo electr\u00f3nico de los amigos de Tutores ser\u00e1n recogidos con la finalidad de que los Tutores puedan recomendar los Servicios a otras personas.<\/p>\n<\/p>\n<p>La base jur\u00eddica para el tratamiento de los datos anteriores es el consentimiento de los amigos otorgado a los Tutores.<\/p>\n<\/p>\n<p>TDAH &amp; Ajedrez guardar\u00e1 la informaci\u00f3n de los amigos de los tutores durante el tiempo necesario para cumplir con la finalidad para la cual fueron recabados y durante los periodos necesarios para cumplir con las obligaciones legales que puedan resultar de aplicaci\u00f3n.<\/p>\n<\/p>\n<p><b>4)\tComentarios en el servicio TDAH &amp; Ajedrez, correos electr\u00f3nicos recibidos en info@tdah-ajedrez.com y en el formulario disponible en la p\u00e1gina web y llamadas en y a trav\u00e9s de los tel\u00e9fonos de contacto de TDAH &amp; Ajedrez<\/b><\/p>\n<\/p>\n<p>Los datos recibidos por TDAH &amp; Ajedrez a trav\u00e9s de los medios habilitados en los Servicios, en el formulario del Sitio Web, as\u00ed como en la direcci\u00f3n de correo electr\u00f3nico info@tdah-ajedrez.com as\u00ed como las llamadas en los tel\u00e9fonos de contacto de TDAH &amp; Ajedrez se utilizan exclusivamente para responder a las consultas, sugerencias o reclamaciones enviadas por los clientes y usuarios del Sitio Web.<\/p>\n<\/p>\n<p>Asimismo, las llamadas en y a trav\u00e9s de los tel\u00e9fonos de contacto de TDAH &amp; Ajedrez ser\u00e1n grabadas para gestionar su solicitud y mejorar la calidad del servicio.<\/p>\n<\/p>\n<p>La finalidad del tratamiento de estos datos personales es gestionar tales consultas, sugerencias o reclamaciones y realizar su posterior seguimiento.<\/p>\n<\/p>\n<p>La base jur\u00eddica para el tratamiento de los datos anteriores es la solicitud del usuario, el cumplimiento de un contrato o en su caso, el inter\u00e9s leg\u00edtimo de TDAH &amp; Ajedrez en la gesti\u00f3n de sus servicios.<\/p>\n<\/p>\n<p>TDAH &amp; Ajedrez guardar\u00e1 la informaci\u00f3n del usuario durante todo el tiempo que resulte necesario para atender sus consultas, sugerencias o reclamaciones y realizar su posterior seguimiento. Si el usuario se ha suscrito al bolet\u00edn de noticias de TDAH &amp; Ajedrez, TDAH &amp; Ajedrez continuar\u00e1 con el tratamiento de sus datos para el env\u00edo de ese bolet\u00edn. Igualmente, TDAH &amp; Ajedrez podr\u00e1 conservar los datos personales durante los periodos necesarios para cumplir con las obligaciones legales que puedan resultar de aplicaci\u00f3n.<\/p>\n<\/p>\n<p><b>5)\tComentarios en el blog y las redes sociales TDAH &amp; Ajedrez<\/b><\/p>\n<\/p>\n<p>Los datos recibidos por TDAH &amp; Ajedrez mediante comentarios en las redes sociales de TDAH &amp; Ajedrez o el blog, se utilizan exclusivamente para recibir, publicar y, seg\u00fan corresponda, moderar esos comentarios. Igualmente, se contestar\u00e1 al comentario o a la solicitud del usuario, seg\u00fan proceda.<\/p>\n<\/p>\n<p>La base jur\u00eddica para el tratamiento de los datos anteriores es la solicitud del usuario, el cumplimiento de un contrato o en su caso, el inter\u00e9s leg\u00edtimo de TDAH &amp; Ajedrez en la gesti\u00f3n de sus servicios.<\/p>\n<\/p>\n<p>TDAH &amp; Ajedrez guardar\u00e1 la informaci\u00f3n del usuario durante todo el tiempo que resulte necesario para recibir y publicar el comentario. Igualmente, TDAH &amp; Ajedrez podr\u00e1 conservar los datos personales durante los periodos necesarios para cumplir con las obligaciones legales que puedan resultar de aplicaci\u00f3n.<\/p>\n<p><b><br \/><\/b><\/p>\n<\/div><div class=\"fusion-clearfix\"><\/div><\/div><\/div><\/div><\/div>\n","protected":false},"excerpt":{"rendered":"","protected":false},"author":3,"featured_media":0,"parent":0,"menu_order":0,"comment_status":"closed","ping_status":"closed","template":"","meta":{"content-type":"","_mi_skip_tracking":false,"_monsterinsights_sitenote_active":false,"_monsterinsights_sitenote_note":"","_monsterinsights_sitenote_category":0,"footnotes":""},"yoast_head":"<!-- This site is optimized with the Yoast SEO plugin v21.3 - https:\/\/yoast.com\/wordpress\/plugins\/seo\/ -->\n<title>Pol\u00edtica de privacidad - ADHD &amp; Chess<\/title>\n<meta name=\"robots\" content=\"index, follow, max-snippet:-1, max-image-preview:large, max-video-preview:-1\" \/>\n<link rel=\"canonical\" href=\"https:\/\/adhd-chess.com\/es\/politica-de-privacidad\/\" \/>\n<meta property=\"og:locale\" content=\"es_ES\" \/>\n<meta property=\"og:type\" content=\"article\" \/>\n<meta property=\"og:title\" content=\"Pol\u00edtica de privacidad - ADHD &amp; Chess\" \/>\n<meta property=\"og:url\" content=\"https:\/\/adhd-chess.com\/es\/politica-de-privacidad\/\" \/>\n<meta property=\"og:site_name\" content=\"ADHD &amp; Chess\" \/>\n<meta property=\"article:publisher\" content=\"https:\/\/www.facebook.com\/ADHD-Chess-322663441962359\" \/>\n<meta property=\"article:modified_time\" content=\"2022-03-08T15:39:42+00:00\" \/>\n<meta name=\"twitter:card\" content=\"summary_large_image\" \/>\n<meta name=\"twitter:site\" content=\"@AdhdChess\" \/>\n<meta name=\"twitter:label1\" content=\"Tiempo de lectura\" \/>\n\t<meta name=\"twitter:data1\" content=\"10 minutos\" \/>\n<script type=\"application\/ld+json\" class=\"yoast-schema-graph\">{\"@context\":\"https:\/\/schema.org\",\"@graph\":[{\"@type\":\"WebPage\",\"@id\":\"https:\/\/adhd-chess.com\/es\/politica-de-privacidad\/\",\"url\":\"https:\/\/adhd-chess.com\/es\/politica-de-privacidad\/\",\"name\":\"Pol\u00edtica de privacidad - ADHD &amp; Chess\",\"isPartOf\":{\"@id\":\"https:\/\/adhd-chess.com\/#website\"},\"datePublished\":\"2019-08-13T09:46:44+00:00\",\"dateModified\":\"2022-03-08T15:39:42+00:00\",\"breadcrumb\":{\"@id\":\"https:\/\/adhd-chess.com\/es\/politica-de-privacidad\/#breadcrumb\"},\"inLanguage\":\"es\",\"potentialAction\":[{\"@type\":\"ReadAction\",\"target\":[\"https:\/\/adhd-chess.com\/es\/politica-de-privacidad\/\"]}]},{\"@type\":\"BreadcrumbList\",\"@id\":\"https:\/\/adhd-chess.com\/es\/politica-de-privacidad\/#breadcrumb\",\"itemListElement\":[{\"@type\":\"ListItem\",\"position\":1,\"name\":\"Home\",\"item\":\"https:\/\/adhd-chess.com\/es\/\"},{\"@type\":\"ListItem\",\"position\":2,\"name\":\"Pol\u00edtica de privacidad\"}]},{\"@type\":\"WebSite\",\"@id\":\"https:\/\/adhd-chess.com\/#website\",\"url\":\"https:\/\/adhd-chess.com\/\",\"name\":\"ADHD &amp; Chess\",\"description\":\"ADHD treatment using Chess tools\",\"publisher\":{\"@id\":\"https:\/\/adhd-chess.com\/#organization\"},\"potentialAction\":[{\"@type\":\"SearchAction\",\"target\":{\"@type\":\"EntryPoint\",\"urlTemplate\":\"https:\/\/adhd-chess.com\/?s={search_term_string}\"},\"query-input\":\"required name=search_term_string\"}],\"inLanguage\":\"es\"},{\"@type\":\"Organization\",\"@id\":\"https:\/\/adhd-chess.com\/#organization\",\"name\":\"TDAH & Ajedrez\",\"url\":\"https:\/\/adhd-chess.com\/\",\"logo\":{\"@type\":\"ImageObject\",\"inLanguage\":\"es\",\"@id\":\"https:\/\/adhd-chess.com\/#\/schema\/logo\/image\/\",\"url\":\"https:\/\/adhd-chess.com\/wp-content\/uploads\/2019\/03\/logo_L_en.png\",\"contentUrl\":\"https:\/\/adhd-chess.com\/wp-content\/uploads\/2019\/03\/logo_L_en.png\",\"width\":418,\"height\":102,\"caption\":\"TDAH & Ajedrez\"},\"image\":{\"@id\":\"https:\/\/adhd-chess.com\/#\/schema\/logo\/image\/\"},\"sameAs\":[\"https:\/\/www.facebook.com\/ADHD-Chess-322663441962359\",\"https:\/\/twitter.com\/AdhdChess\",\"https:\/\/www.instagram.com\/adhdchess\",\"https:\/\/www.linkedin.com\/company\/adhd-chess\"]}]}<\/script>\n<!-- \/ Yoast SEO plugin. -->","yoast_head_json":{"title":"Pol\u00edtica de privacidad - ADHD &amp; Chess","robots":{"index":"index","follow":"follow","max-snippet":"max-snippet:-1","max-image-preview":"max-image-preview:large","max-video-preview":"max-video-preview:-1"},"canonical":"https:\/\/adhd-chess.com\/es\/politica-de-privacidad\/","og_locale":"es_ES","og_type":"article","og_title":"Pol\u00edtica de privacidad - ADHD &amp; Chess","og_url":"https:\/\/adhd-chess.com\/es\/politica-de-privacidad\/","og_site_name":"ADHD &amp; Chess","article_publisher":"https:\/\/www.facebook.com\/ADHD-Chess-322663441962359","article_modified_time":"2022-03-08T15:39:42+00:00","twitter_card":"summary_large_image","twitter_site":"@AdhdChess","twitter_misc":{"Tiempo de lectura":"10 minutos"},"schema":{"@context":"https:\/\/schema.org","@graph":[{"@type":"WebPage","@id":"https:\/\/adhd-chess.com\/es\/politica-de-privacidad\/","url":"https:\/\/adhd-chess.com\/es\/politica-de-privacidad\/","name":"Pol\u00edtica de privacidad - ADHD &amp; Chess","isPartOf":{"@id":"https:\/\/adhd-chess.com\/#website"},"datePublished":"2019-08-13T09:46:44+00:00","dateModified":"2022-03-08T15:39:42+00:00","breadcrumb":{"@id":"https:\/\/adhd-chess.com\/es\/politica-de-privacidad\/#breadcrumb"},"inLanguage":"es","potentialAction":[{"@type":"ReadAction","target":["https:\/\/adhd-chess.com\/es\/politica-de-privacidad\/"]}]},{"@type":"BreadcrumbList","@id":"https:\/\/adhd-chess.com\/es\/politica-de-privacidad\/#breadcrumb","itemListElement":[{"@type":"ListItem","position":1,"name":"Home","item":"https:\/\/adhd-chess.com\/es\/"},{"@type":"ListItem","position":2,"name":"Pol\u00edtica de privacidad"}]},{"@type":"WebSite","@id":"https:\/\/adhd-chess.com\/#website","url":"https:\/\/adhd-chess.com\/","name":"ADHD &amp; Chess","description":"ADHD treatment using Chess tools","publisher":{"@id":"https:\/\/adhd-chess.com\/#organization"},"potentialAction":[{"@type":"SearchAction","target":{"@type":"EntryPoint","urlTemplate":"https:\/\/adhd-chess.com\/?s={search_term_string}"},"query-input":"required name=search_term_string"}],"inLanguage":"es"},{"@type":"Organization","@id":"https:\/\/adhd-chess.com\/#organization","name":"TDAH & Ajedrez","url":"https:\/\/adhd-chess.com\/","logo":{"@type":"ImageObject","inLanguage":"es","@id":"https:\/\/adhd-chess.com\/#\/schema\/logo\/image\/","url":"https:\/\/adhd-chess.com\/wp-content\/uploads\/2019\/03\/logo_L_en.png","contentUrl":"https:\/\/adhd-chess.com\/wp-content\/uploads\/2019\/03\/logo_L_en.png","width":418,"height":102,"caption":"TDAH & Ajedrez"},"image":{"@id":"https:\/\/adhd-chess.com\/#\/schema\/logo\/image\/"},"sameAs":["https:\/\/www.facebook.com\/ADHD-Chess-322663441962359","https:\/\/twitter.com\/AdhdChess","https:\/\/www.instagram.com\/adhdchess","https:\/\/www.linkedin.com\/company\/adhd-chess"]}]}},"_links":{"self":[{"href":"https:\/\/adhd-chess.com\/es\/wp-json\/wp\/v2\/pages\/7007"}],"collection":[{"href":"https:\/\/adhd-chess.com\/es\/wp-json\/wp\/v2\/pages"}],"about":[{"href":"https:\/\/adhd-chess.com\/es\/wp-json\/wp\/v2\/types\/page"}],"author":[{"embeddable":true,"href":"https:\/\/adhd-chess.com\/es\/wp-json\/wp\/v2\/users\/3"}],"replies":[{"embeddable":true,"href":"https:\/\/adhd-chess.com\/es\/wp-json\/wp\/v2\/comments?post=7007"}],"version-history":[{"count":4,"href":"https:\/\/adhd-chess.com\/es\/wp-json\/wp\/v2\/pages\/7007\/revisions"}],"predecessor-version":[{"id":11129,"href":"https:\/\/adhd-chess.com\/es\/wp-json\/wp\/v2\/pages\/7007\/revisions\/11129"}],"wp:attachment":[{"href":"https:\/\/adhd-chess.com\/es\/wp-json\/wp\/v2\/media?parent=7007"}],"curies":[{"name":"wp","href":"https:\/\/api.w.org\/{rel}","templated":true}]}}