{"id":6425,"date":"2019-07-18T16:04:17","date_gmt":"2019-07-18T15:04:17","guid":{"rendered":"https:\/\/adhd-chess.com\/?page_id=6425"},"modified":"2019-12-23T13:47:32","modified_gmt":"2019-12-23T12:47:32","slug":"metodo-en-ajedrez","status":"publish","type":"page","link":"https:\/\/adhd-chess.com\/es\/metodo-en-ajedrez\/","title":{"rendered":"M\u00e9todo en Ajedrez"},"content":{"rendered":"<div class=\"fusion-fullwidth fullwidth-box fusion-builder-row-1 nonhundred-percent-fullwidth non-hundred-percent-height-scrolling\" style=\"background-color: #ffffff;background-position: center center;background-repeat: no-repeat;padding-top:0px;padding-right:0px;padding-bottom:0px;padding-left:0px;margin-bottom: 0px;margin-top: 0px;border-width: 0px 0px 0px 0px;border-color:#eae9e9;border-style:solid;\" ><div class=\"fusion-builder-row fusion-row\"><div class=\"fusion-layout-column fusion_builder_column fusion-builder-column-0 fusion_builder_column_1_1 1_1 fusion-one-full fusion-column-first fusion-column-last\" style=\"margin-top:10px;margin-bottom:10px;\"><div class=\"fusion-column-wrapper fusion-flex-column-wrapper-legacy\" style=\"background-position:left top;background-repeat:no-repeat;-webkit-background-size:cover;-moz-background-size:cover;-o-background-size:cover;background-size:cover;padding: 0px 0px 0px 0px;\"><div class=\"fusion-text fusion-text-1\"><blockquote>\n<p style=\"text-align: center;\">Nuestros <strong> Planes de Entrenamiento <\/strong> se han desarrollado en estrecha colaboraci\u00f3n con la prestigiosa Escuela de Ajedrez <a href=\"https:\/\/elmetodoenajedrez.com\"> El M\u00e9todo en ajedrez<\/a>.<\/p>\n<\/blockquote>\n<\/div><div class=\"fusion-sep-clear\"><\/div><div class=\"fusion-separator fusion-full-width-sep\" style=\"margin-left: auto;margin-right: auto;margin-top:20px;margin-bottom:20px;width:100%;\"><\/div><div class=\"fusion-sep-clear\"><\/div><div class=\"imageframe-align-center\"><span class=\" fusion-imageframe imageframe-none imageframe-1 hover-type-none\"><a class=\"fusion-no-lightbox\" href=\"https:\/\/www.elmetodoenajedrez.com\" target=\"_blank\" aria-label=\"method-in-chess-logo-en-sm\" rel=\"noopener noreferrer\"><img decoding=\"async\" width=\"238\" height=\"81\" alt=\"method in chess learn to think\" src=\"https:\/\/adhd-chess.com\/wp-content\/uploads\/2019\/12\/logotipomic_ES_M.png\" class=\"img-responsive wp-image-6446\"\/><\/a><\/span><\/div><div class=\"fusion-sep-clear\"><\/div><div class=\"fusion-separator fusion-full-width-sep\" style=\"margin-left: auto;margin-right: auto;margin-bottom:40px;width:100%;\"><\/div><div class=\"fusion-sep-clear\"><\/div><style type=\"text\/css\"><\/style><div class=\"fusion-title title fusion-title-1 fusion-title-center fusion-title-text fusion-title-size-three\" style=\"margin-top:0px;margin-right:0px;margin-bottom:30px;margin-left:0px;\"><div class=\"title-sep-container title-sep-container-left\"><div class=\"title-sep sep-\" style=\"border-color:#e0dede;\"><\/div><\/div><span class=\"awb-title-spacer\"><\/span><h3 class=\"title-heading-center fusion-responsive-typography-calculated\" style=\"margin:0;--fontSize:24;line-height:1.4;\">Escuela de Ajedrez <em> <strong> El M\u00e9todo En Ajedrez <\/strong> <\/em><\/h3><span class=\"awb-title-spacer\"><\/span><div class=\"title-sep-container title-sep-container-right\"><div class=\"title-sep sep-\" style=\"border-color:#e0dede;\"><\/div><\/div><\/div><div class=\"fusion-sep-clear\"><\/div><div class=\"fusion-separator\" style=\"margin-left: auto;margin-right: auto;margin-bottom:20px;width:100%;max-width:270px;\"><div class=\"fusion-separator-border sep-single sep-solid\" style=\"border-color:#e0dede;border-top-width:1px;\"><\/div><\/div><div class=\"fusion-sep-clear\"><\/div><div class=\"fusion-text fusion-text-2\"><p>La Escuela de Ajedrez <a href=\"https:\/\/elmetodoenajedrez.com\">El M\u00e9todo En Ajedrez <\/a>, fue fundada en 2012 por un grupo multidisciplinar de profesionales de varios sectores, que ofrecen<strong> amplia experiencia<\/strong> en el mundo del ajedrez y su entrenamiento, as\u00ed como en las \u00e1reas importantes del ajedrez terap\u00e9utico y educativo, la psicolog\u00eda y el ajedrez inform\u00e1tico.<\/p>\n<p>Desde el comienzo del proyecto, la <strong> Escuela de Ajedrez <\/strong> ha utilizado todo este conocimiento y experiencia para desarrollar <strong> nuevos m\u00e9todos de entrenamiento y estudio de ajedrez<\/strong>, hasta que obtuvieron un sistema que incluye todos los requisitos que debe tener un excelente m\u00e9todo de entrenamiento de ajedrez para facilitar el aprendizaje del estudiante e integrar todos los aspectos importantes en el aprendizaje electr\u00f3nico y en la adquisici\u00f3n de <strong> conocimientos te\u00f3ricos y pr\u00e1cticos <\/strong> aplicados al ajedrez.<\/p>\n<p>La Escuela de Ajedrez tiene un papel cada vez m\u00e1s relevante en el mundo del <strong> Ajedrez terap\u00e9utico y educativo<\/strong>, tanto en la formaci\u00f3n de padres y <strong> maestros <\/strong> como en la formaci\u00f3n de ajedrez para ni\u00f1os en escuelas y academias de todo el mundo.<\/p>\n<p>La Escuela de Ajedrez participa y colabora con otras compa\u00f1\u00edas en el desarrollo de aplicaciones especializadas, proporcionando experiencia y conocimiento a trav\u00e9s de <strong> acuerdos de colaboraci\u00f3n<\/strong>.<\/p>\n<\/div><div class=\"fusion-clearfix\"><\/div><\/div><\/div><\/div><\/div>\n","protected":false},"excerpt":{"rendered":"","protected":false},"author":1,"featured_media":0,"parent":0,"menu_order":0,"comment_status":"closed","ping_status":"closed","template":"","meta":{"content-type":"","_mi_skip_tracking":false,"_monsterinsights_sitenote_active":false,"_monsterinsights_sitenote_note":"","_monsterinsights_sitenote_category":0,"footnotes":""},"yoast_head":"<!-- This site is optimized with the Yoast SEO plugin v21.3 - https:\/\/yoast.com\/wordpress\/plugins\/seo\/ -->\n<title>M\u00e9todo en Ajedrez - ADHD &amp; Chess<\/title>\n<meta name=\"robots\" content=\"index, follow, max-snippet:-1, max-image-preview:large, max-video-preview:-1\" \/>\n<link rel=\"canonical\" href=\"https:\/\/adhd-chess.com\/es\/metodo-en-ajedrez\/\" \/>\n<meta property=\"og:locale\" content=\"es_ES\" \/>\n<meta property=\"og:type\" content=\"article\" \/>\n<meta property=\"og:title\" content=\"M\u00e9todo en Ajedrez - ADHD &amp; Chess\" \/>\n<meta property=\"og:url\" content=\"https:\/\/adhd-chess.com\/es\/metodo-en-ajedrez\/\" \/>\n<meta property=\"og:site_name\" content=\"ADHD &amp; Chess\" \/>\n<meta property=\"article:publisher\" content=\"https:\/\/www.facebook.com\/ADHD-Chess-322663441962359\" \/>\n<meta property=\"article:modified_time\" content=\"2019-12-23T12:47:32+00:00\" \/>\n<meta name=\"twitter:card\" content=\"summary_large_image\" \/>\n<meta name=\"twitter:site\" content=\"@AdhdChess\" \/>\n<meta name=\"twitter:label1\" content=\"Tiempo de lectura\" \/>\n\t<meta name=\"twitter:data1\" content=\"3 minutos\" \/>\n<script type=\"application\/ld+json\" class=\"yoast-schema-graph\">{\"@context\":\"https:\/\/schema.org\",\"@graph\":[{\"@type\":\"WebPage\",\"@id\":\"https:\/\/adhd-chess.com\/es\/metodo-en-ajedrez\/\",\"url\":\"https:\/\/adhd-chess.com\/es\/metodo-en-ajedrez\/\",\"name\":\"M\u00e9todo en Ajedrez - ADHD &amp; Chess\",\"isPartOf\":{\"@id\":\"https:\/\/adhd-chess.com\/#website\"},\"datePublished\":\"2019-07-18T15:04:17+00:00\",\"dateModified\":\"2019-12-23T12:47:32+00:00\",\"breadcrumb\":{\"@id\":\"https:\/\/adhd-chess.com\/es\/metodo-en-ajedrez\/#breadcrumb\"},\"inLanguage\":\"es\",\"potentialAction\":[{\"@type\":\"ReadAction\",\"target\":[\"https:\/\/adhd-chess.com\/es\/metodo-en-ajedrez\/\"]}]},{\"@type\":\"BreadcrumbList\",\"@id\":\"https:\/\/adhd-chess.com\/es\/metodo-en-ajedrez\/#breadcrumb\",\"itemListElement\":[{\"@type\":\"ListItem\",\"position\":1,\"name\":\"Home\",\"item\":\"https:\/\/adhd-chess.com\/es\/\"},{\"@type\":\"ListItem\",\"position\":2,\"name\":\"M\u00e9todo en Ajedrez\"}]},{\"@type\":\"WebSite\",\"@id\":\"https:\/\/adhd-chess.com\/#website\",\"url\":\"https:\/\/adhd-chess.com\/\",\"name\":\"ADHD &amp; Chess\",\"description\":\"ADHD treatment using Chess tools\",\"publisher\":{\"@id\":\"https:\/\/adhd-chess.com\/#organization\"},\"potentialAction\":[{\"@type\":\"SearchAction\",\"target\":{\"@type\":\"EntryPoint\",\"urlTemplate\":\"https:\/\/adhd-chess.com\/?s={search_term_string}\"},\"query-input\":\"required name=search_term_string\"}],\"inLanguage\":\"es\"},{\"@type\":\"Organization\",\"@id\":\"https:\/\/adhd-chess.com\/#organization\",\"name\":\"TDAH & Ajedrez\",\"url\":\"https:\/\/adhd-chess.com\/\",\"logo\":{\"@type\":\"ImageObject\",\"inLanguage\":\"es\",\"@id\":\"https:\/\/adhd-chess.com\/#\/schema\/logo\/image\/\",\"url\":\"https:\/\/adhd-chess.com\/wp-content\/uploads\/2019\/03\/logo_L_en.png\",\"contentUrl\":\"https:\/\/adhd-chess.com\/wp-content\/uploads\/2019\/03\/logo_L_en.png\",\"width\":418,\"height\":102,\"caption\":\"TDAH & Ajedrez\"},\"image\":{\"@id\":\"https:\/\/adhd-chess.com\/#\/schema\/logo\/image\/\"},\"sameAs\":[\"https:\/\/www.facebook.com\/ADHD-Chess-322663441962359\",\"https:\/\/twitter.com\/AdhdChess\",\"https:\/\/www.instagram.com\/adhdchess\",\"https:\/\/www.linkedin.com\/company\/adhd-chess\"]}]}<\/script>\n<!-- \/ Yoast SEO plugin. -->","yoast_head_json":{"title":"M\u00e9todo en Ajedrez - ADHD &amp; Chess","robots":{"index":"index","follow":"follow","max-snippet":"max-snippet:-1","max-image-preview":"max-image-preview:large","max-video-preview":"max-video-preview:-1"},"canonical":"https:\/\/adhd-chess.com\/es\/metodo-en-ajedrez\/","og_locale":"es_ES","og_type":"article","og_title":"M\u00e9todo en Ajedrez - ADHD &amp; Chess","og_url":"https:\/\/adhd-chess.com\/es\/metodo-en-ajedrez\/","og_site_name":"ADHD &amp; Chess","article_publisher":"https:\/\/www.facebook.com\/ADHD-Chess-322663441962359","article_modified_time":"2019-12-23T12:47:32+00:00","twitter_card":"summary_large_image","twitter_site":"@AdhdChess","twitter_misc":{"Tiempo de lectura":"3 minutos"},"schema":{"@context":"https:\/\/schema.org","@graph":[{"@type":"WebPage","@id":"https:\/\/adhd-chess.com\/es\/metodo-en-ajedrez\/","url":"https:\/\/adhd-chess.com\/es\/metodo-en-ajedrez\/","name":"M\u00e9todo en Ajedrez - ADHD &amp; Chess","isPartOf":{"@id":"https:\/\/adhd-chess.com\/#website"},"datePublished":"2019-07-18T15:04:17+00:00","dateModified":"2019-12-23T12:47:32+00:00","breadcrumb":{"@id":"https:\/\/adhd-chess.com\/es\/metodo-en-ajedrez\/#breadcrumb"},"inLanguage":"es","potentialAction":[{"@type":"ReadAction","target":["https:\/\/adhd-chess.com\/es\/metodo-en-ajedrez\/"]}]},{"@type":"BreadcrumbList","@id":"https:\/\/adhd-chess.com\/es\/metodo-en-ajedrez\/#breadcrumb","itemListElement":[{"@type":"ListItem","position":1,"name":"Home","item":"https:\/\/adhd-chess.com\/es\/"},{"@type":"ListItem","position":2,"name":"M\u00e9todo en Ajedrez"}]},{"@type":"WebSite","@id":"https:\/\/adhd-chess.com\/#website","url":"https:\/\/adhd-chess.com\/","name":"ADHD &amp; Chess","description":"ADHD treatment using Chess tools","publisher":{"@id":"https:\/\/adhd-chess.com\/#organization"},"potentialAction":[{"@type":"SearchAction","target":{"@type":"EntryPoint","urlTemplate":"https:\/\/adhd-chess.com\/?s={search_term_string}"},"query-input":"required name=search_term_string"}],"inLanguage":"es"},{"@type":"Organization","@id":"https:\/\/adhd-chess.com\/#organization","name":"TDAH & Ajedrez","url":"https:\/\/adhd-chess.com\/","logo":{"@type":"ImageObject","inLanguage":"es","@id":"https:\/\/adhd-chess.com\/#\/schema\/logo\/image\/","url":"https:\/\/adhd-chess.com\/wp-content\/uploads\/2019\/03\/logo_L_en.png","contentUrl":"https:\/\/adhd-chess.com\/wp-content\/uploads\/2019\/03\/logo_L_en.png","width":418,"height":102,"caption":"TDAH & Ajedrez"},"image":{"@id":"https:\/\/adhd-chess.com\/#\/schema\/logo\/image\/"},"sameAs":["https:\/\/www.facebook.com\/ADHD-Chess-322663441962359","https:\/\/twitter.com\/AdhdChess","https:\/\/www.instagram.com\/adhdchess","https:\/\/www.linkedin.com\/company\/adhd-chess"]}]}},"_links":{"self":[{"href":"https:\/\/adhd-chess.com\/es\/wp-json\/wp\/v2\/pages\/6425"}],"collection":[{"href":"https:\/\/adhd-chess.com\/es\/wp-json\/wp\/v2\/pages"}],"about":[{"href":"https:\/\/adhd-chess.com\/es\/wp-json\/wp\/v2\/types\/page"}],"author":[{"embeddable":true,"href":"https:\/\/adhd-chess.com\/es\/wp-json\/wp\/v2\/users\/1"}],"replies":[{"embeddable":true,"href":"https:\/\/adhd-chess.com\/es\/wp-json\/wp\/v2\/comments?post=6425"}],"version-history":[{"count":11,"href":"https:\/\/adhd-chess.com\/es\/wp-json\/wp\/v2\/pages\/6425\/revisions"}],"predecessor-version":[{"id":8346,"href":"https:\/\/adhd-chess.com\/es\/wp-json\/wp\/v2\/pages\/6425\/revisions\/8346"}],"wp:attachment":[{"href":"https:\/\/adhd-chess.com\/es\/wp-json\/wp\/v2\/media?parent=6425"}],"curies":[{"name":"wp","href":"https:\/\/api.w.org\/{rel}","templated":true}]}}