{"id":6253,"date":"2019-07-12T13:29:03","date_gmt":"2019-07-12T12:29:03","guid":{"rendered":"https:\/\/adhd-chess.com\/?page_id=6253"},"modified":"2020-02-19T07:37:11","modified_gmt":"2020-02-19T06:37:11","slug":"contacta-con-nosotros","status":"publish","type":"page","link":"https:\/\/adhd-chess.com\/es\/contacta-con-nosotros\/","title":{"rendered":"Contacta con nosotros"},"content":{"rendered":"<p><div class=\"fusion-fullwidth fullwidth-box fusion-builder-row-1 fusion-parallax-none sombreado nonhundred-percent-fullwidth non-hundred-percent-height-scrolling\" style=\"background-color: #ffffff;background-image: url(&quot;https:\/\/adhd-chess.com\/wp-content\/uploads\/2019\/05\/portada.jpg&quot;);background-position: left top;background-repeat: no-repeat;padding-top:0px;padding-right:0px;padding-bottom:30px;padding-left:0px;margin-bottom: 0px;margin-top: 0px;border-width: 0px 0px 0px 0px;border-color:#eae9e9;border-style:solid;-webkit-background-size:cover;-moz-background-size:cover;-o-background-size:cover;background-size:cover;\" ><div class=\"fusion-builder-row fusion-row\"><div class=\"fusion-layout-column fusion_builder_column fusion-builder-column-0 fusion_builder_column_1_5 1_5 fusion-one-fifth fusion-column-first\" style=\"width:20%;width:calc(20% - ( ( 4% ) * 0.2 ) );margin-right: 4%;margin-top:10px;margin-bottom:10px;\"><div class=\"fusion-column-wrapper fusion-flex-column-wrapper-legacy\" style=\"background-position:left top;background-repeat:no-repeat;-webkit-background-size:cover;-moz-background-size:cover;-o-background-size:cover;background-size:cover;padding: 0px 0px 0px 0px;\"><div class=\"fusion-clearfix\"><\/div><\/div><\/div><div class=\"fusion-layout-column fusion_builder_column fusion-builder-column-1 fusion_builder_column_4_5 4_5 fusion-four-fifth fusion-column-last containerDataContactForm\" style=\"width:80%;width:calc(80% - ( ( 4% ) * 0.8 ) );margin-top:10px;margin-bottom:10px;\"><div class=\"fusion-column-wrapper fusion-flex-column-wrapper-legacy\" style=\"background-position:left top;background-repeat:no-repeat;-webkit-background-size:cover;-moz-background-size:cover;-o-background-size:cover;background-size:cover;border-radius:3px 3px 3px 3px;background-color:rgba(247,247,247,0.94);border-radius:3px 3px 3px 3px;overflow:hidden;padding: 0px 30px 0px 30px;\"><style type=\"text\/css\"><\/style><div class=\"fusion-title title fusion-title-1 fusion-title-text fusion-title-size-two\" style=\"margin-top:20px;margin-right:0px;margin-bottom:20px;margin-left:0px;\"><h2 class=\"title-heading-left fusion-responsive-typography-calculated\" style=\"margin:0;--fontSize:34;line-height:1.47;\">\u00a1Ponte en contacto con nosotros!<\/h2><span class=\"awb-title-spacer\"><\/span><div class=\"title-sep-container\"><div class=\"title-sep sep-\" style=\"border-color:#e0dede;\"><\/div><\/div><\/div><style type=\"text\/css\"><\/style><div class=\"fusion-title title fusion-title-2 fusion-title-text fusion-title-size-four\" style=\"margin-top:0px;margin-right:0px;margin-bottom:5px;margin-left:0px;\"><h4 class=\"title-heading-left fusion-responsive-typography-calculated\" style=\"margin:0;--fontSize:15;--minFontSize:15px;line-height:1.67;\">\u00bfAlguna pregunta? \u00bfUna idea que quieras compartir?<\/h4><span class=\"awb-title-spacer\"><\/span><div class=\"title-sep-container\"><div class=\"title-sep sep-\" style=\"border-color:#e0dede;\"><\/div><\/div><\/div><style type=\"text\/css\"><\/style><div class=\"fusion-title title fusion-title-3 fusion-title-text fusion-title-size-four\" style=\"margin-top:0px;margin-right:0px;margin-bottom:10px;margin-left:0px;\"><h4 class=\"title-heading-left fusion-responsive-typography-calculated\" style=\"margin:0;--fontSize:15;--minFontSize:15px;line-height:1.67;\">Dinos c\u00f3mo te podemos ayudar. Queremos saber de ti.<\/h4><span class=\"awb-title-spacer\"><\/span><div class=\"title-sep-container\"><div class=\"title-sep sep-\" style=\"border-color:#e0dede;\"><\/div><\/div><\/div><div class=\"fusion-text fusion-text-1\"><p>Completa el siguiente formulario y una persona de nuestro equipo contactar\u00e1 contigo lo antes posible.<\/p>\n<\/div><div class=\"fusion-clearfix\"><\/div><\/div><\/div><div class=\"fusion-layout-column fusion_builder_column fusion-builder-column-2 fusion_builder_column_1_5 1_5 fusion-one-fifth fusion-column-first sombreado\" style=\"width:20%;width:calc(20% - ( ( 4% ) * 0.2 ) );margin-right: 4%;margin-top:0px;margin-bottom:0px;\"><div class=\"fusion-column-wrapper fusion-flex-column-wrapper-legacy\" style=\"background-position:left top;background-repeat:no-repeat;-webkit-background-size:cover;-moz-background-size:cover;-o-background-size:cover;background-size:cover;background-color:rgba(247,247,247,0.94);padding: 0px 0px 0px 0px;\"><div class=\"fusion-sep-clear\"><\/div><div class=\"fusion-separator fusion-full-width-sep\" style=\"margin-left: auto;margin-right: auto;width:100%;\"><\/div><div class=\"fusion-sep-clear\"><\/div><ul class=\"fusion-checklist fusion-checklist-1\" style=\"font-size:14px;line-height:23.8px;\" id=\"chkContainerDataContact\"><li style=\"background-color:rgba(255,255,255,0);\" class=\"fusion-li-item\"><span style=\"height:23.8px;width:23.8px;margin-right:9.8px;\" class=\"icon-wrapper circle-no\"><i class=\"fusion-li-icon fa-home fas\" style=\"color:#717171;\" aria-hidden=\"true\"><\/i><\/span><div class=\"fusion-li-item-content\" style=\"margin-left:33.6px;color:var(--awb-color8);\">\n<p><strong>Spain US Chamber of Commerce, Inc<\/strong><br \/>\n2153 Coral Way, Suite 400<br \/>\nMiami, FL 33145<\/p>\n<\/div><\/li><li style=\"background-color:rgba(255,255,255,0);\" class=\"fusion-li-item\"><span style=\"height:23.8px;width:23.8px;margin-right:9.8px;\" class=\"icon-wrapper circle-no\"><i class=\"fusion-li-icon fa-home fas\" style=\"color:#717171;\" aria-hidden=\"true\"><\/i><\/span><div class=\"fusion-li-item-content\" style=\"margin-left:33.6px;color:var(--awb-color8);\"><strong>Vivero Empresas Puente de Vallecas<\/strong><br \/>\nCalle de la Diligencia, 9<br \/>\n28018 Madrid<\/div><\/li><li style=\"background-color:rgba(255,255,255,0);\" class=\"fusion-li-item\"><span style=\"height:23.8px;width:23.8px;margin-right:9.8px;\" class=\"icon-wrapper circle-no\"><i class=\"fusion-li-icon fa-clock far\" style=\"color:#717171;\" aria-hidden=\"true\"><\/i><\/span><div class=\"fusion-li-item-content\" style=\"margin-left:33.6px;color:var(--awb-color8);\">\n<p>Lunes &#8211; Viernes: 10:00 AM &#8211; 17:00 PM CET<\/p>\n<\/div><\/li><\/ul><div class=\"fusion-clearfix\"><\/div><\/div><\/div><div class=\"fusion-layout-column fusion_builder_column fusion-builder-column-3 fusion_builder_column_4_5 4_5 fusion-four-fifth fusion-column-last\" style=\"width:80%;width:calc(80% - ( ( 4% ) * 0.8 ) );margin-top:0px;margin-bottom:0px;\"><div class=\"fusion-column-wrapper fusion-flex-column-wrapper-legacy\" style=\"background-position:left top;background-repeat:no-repeat;-webkit-background-size:cover;-moz-background-size:cover;-o-background-size:cover;background-size:cover;padding: 0px 0px 0px 0px;\"><div class=\"fusion-sep-clear\"><\/div><div class=\"fusion-separator fusion-full-width-sep\" style=\"margin-left: auto;margin-right: auto;width:100%;\"><\/div><div class=\"fusion-sep-clear\"><\/div><div class=\"fusion-text fusion-text-2\"><div class=\"containerDataContactForm\">\n<div class=\"wpcf7 no-js\" id=\"wpcf7-f7334-o1\" lang=\"es-ES\" dir=\"ltr\">\n<div class=\"screen-reader-response\"><p role=\"status\" aria-live=\"polite\" aria-atomic=\"true\"><\/p> <ul><\/ul><\/div>\n<form action=\"\/es\/wp-json\/wp\/v2\/pages\/6253#wpcf7-f7334-o1\" method=\"post\" class=\"wpcf7-form init\" aria-label=\"Formulario de contacto\" novalidate=\"novalidate\" data-status=\"init\">\n<div style=\"display: none;\">\n<input type=\"hidden\" name=\"_wpcf7\" value=\"7334\" \/>\n<input type=\"hidden\" name=\"_wpcf7_version\" value=\"5.8.1\" \/>\n<input type=\"hidden\" name=\"_wpcf7_locale\" value=\"es_ES\" \/>\n<input type=\"hidden\" name=\"_wpcf7_unit_tag\" value=\"wpcf7-f7334-o1\" \/>\n<input type=\"hidden\" name=\"_wpcf7_container_post\" value=\"0\" \/>\n<input type=\"hidden\" name=\"_wpcf7_posted_data_hash\" value=\"\" \/>\n<\/div>\n<div style=\"margin-bottom: 40px;\" class=\"fusion-one-half fusion-layout-column fusion-spacing-yes\">\n\t<p><span class=\"wpcf7-form-control-wrap\" data-name=\"your-name\"><input size=\"40\" class=\"wpcf7-form-control wpcf7-text wpcf7-validates-as-required fieldForm\" aria-required=\"true\" aria-invalid=\"false\" placeholder=\"Nombre\" value=\"\" type=\"text\" name=\"your-name\" \/><\/span>\n\t<\/p>\n<\/div>\n<div style=\"margin-bottom: 40px;\" class=\"fusion-one-half fusion-layout-column fusion-column-last fusion-spacing-yes\">\n\t<p><span class=\"wpcf7-form-control-wrap\" data-name=\"your-email\"><input size=\"40\" class=\"wpcf7-form-control wpcf7-email wpcf7-validates-as-required wpcf7-text wpcf7-validates-as-email fieldForm\" aria-required=\"true\" aria-invalid=\"false\" placeholder=\"Email\" value=\"\" type=\"email\" name=\"your-email\" \/><\/span>\n\t<\/p>\n<\/div>\n<div style=\"margin-bottom: 40px;\" class=\"fusion-one-full fusion-layout-column fusion-column-last fusion-spacing-yes\">\n\t<p><span class=\"wpcf7-form-control-wrap\" data-name=\"your-subject\"><input size=\"40\" class=\"wpcf7-form-control wpcf7-text wpcf7-validates-as-required fieldForm\" aria-required=\"true\" aria-invalid=\"false\" placeholder=\"Asunto\" value=\"\" type=\"text\" name=\"your-subject\" \/><\/span>\n\t<\/p>\n<\/div>\n<p style=\"margin-bottom: 40px;\"><span class=\"wpcf7-form-control-wrap\" data-name=\"your-message\"><textarea cols=\"40\" rows=\"10\" class=\"wpcf7-form-control wpcf7-textarea wpcf7-validates-as-required fieldForm\" aria-required=\"true\" aria-invalid=\"false\" placeholder=\"Tu mensaje\" name=\"your-message\"><\/textarea><\/span>\n<\/p>\n<p style=\"text-align: right;\"><input class=\"wpcf7-form-control wpcf7-submit has-spinner fusion-button button-flat fusion-button-square button-large button-orange button-1 BotonRadius\" type=\"submit\" value=\"ENVIAR\" \/>\n<\/p><div class=\"fusion-alert alert custom alert-custom fusion-alert-center wpcf7-response-output fusion-alert-capitalize alert-dismissable\" role=\"alert\" style=\"border-width:1px;\"><div class=\"fusion-alert-content-wrapper\"><span class=\"fusion-alert-content\"><\/span><\/div><button type=\"button\" class=\"close toggle-alert\" data-dismiss=\"alert\" aria-label=\"Close\">&times;<\/button><\/div>\n<\/form>\n<\/div>\n<\/div>\n<\/div><div class=\"fusion-clearfix\"><\/div><\/div><\/div><\/div><\/div><div class=\"fusion-fullwidth fullwidth-box fusion-builder-row-2 nonhundred-percent-fullwidth non-hundred-percent-height-scrolling\" style=\"background-color: #ffffff;background-position: center center;background-repeat: no-repeat;padding-top:0px;padding-right:0px;padding-bottom:0px;padding-left:0px;margin-bottom: 0px;margin-top: 0px;border-width: 0px 0px 0px 0px;border-color:#eae9e9;border-style:solid;\" ><div class=\"fusion-builder-row fusion-row\"><div class=\"fusion-layout-column fusion_builder_column fusion-builder-column-4 fusion_builder_column_1_1 1_1 fusion-one-full fusion-column-first fusion-column-last\" style=\"margin-top:10px;margin-bottom:10px;\"><div class=\"fusion-column-wrapper fusion-flex-column-wrapper-legacy\" style=\"background-position:left top;background-repeat:no-repeat;-webkit-background-size:cover;-moz-background-size:cover;-o-background-size:cover;background-size:cover;padding: 0px 0px 0px 0px;\"><div class=\"fusion-section-separator section-separator bigtriangle fusion-section-separator-1\"><div class=\"fusion-section-separator-svg\" style=\"padding:0;margin-left: 0px;margin-right: 0px;\"><svg class=\"fusion-big-triangle-candy\" xmlns=\"http:\/\/www.w3.org\/2000\/svg\" version=\"1.1\" width=\"100%\" height=\"100\" viewBox=\"0 0 100 100\" preserveAspectRatio=\"none\" style=\"padding:0;\" fill=\"rgba(246,246,246,1)\"><path d=\"M0 100 L25 2 L100 100 Z\"><\/path><\/svg><\/div><div class=\"fusion-section-separator-spacer\"><div class=\"fusion-section-separator-spacer-height\" style=\"height:99px;\"><\/div><\/div><\/div>\t\t\t\t\t<script type=\"text\/javascript\">\n\t\t\t\t\t\tvar map_fusion_map_69e2f860d0ca3;\n\t\t\t\t\t\tvar markers = [];\n\t\t\t\t\t\tvar counter = 0;\n\t\t\t\t\t\t\t\t\t\t\t\t\t\t\t\t\t\t\t\tvar fusionMapNonce = 'a767cdcaa7';\n\t\t\t\t\t\t\t\t\t\t\t\tfunction fusion_run_map_fusion_map_69e2f860d0ca3() {\n\t\t\t\t\t\t\tjQuery('#fusion_map_69e2f860d0ca3').fusion_maps({\n\t\t\t\t\t\t\t\taddresses: [{\"address\":\"Calle de la Diligencia, 9, 28018 Madrid \",\"infobox_content\":\"Calle de la Diligencia, 9, 28018 Madrid \",\"coordinates\":false,\"cache\":true,\"latitude\":\"40.3833885\",\"longitude\":\"-3.6561848000000055\"},{\"address\":\" 2153 Coral Way, Suite 400, Miami, FL 33145\",\"infobox_content\":\" 2153 Coral Way, Suite 400, Miami, FL 33145\",\"coordinates\":false,\"cache\":true,\"latitude\":\"25.7508023\",\"longitude\":\"-80.22938999999997\"}],\n\t\t\t\t\t\t\t\tanimations: false,\n\t\t\t\t\t\t\t\tinfobox_background_color: '',\n\t\t\t\t\t\t\t\tinfobox_styling: 'default',\n\t\t\t\t\t\t\t\tinfobox_text_color: '',\n\t\t\t\t\t\t\t\tmap_style: 'default',\n\t\t\t\t\t\t\t\tmap_type: 'roadmap',\n\t\t\t\t\t\t\t\tmarker_icon: '',\n\t\t\t\t\t\t\t\toverlay_color: '',\n\t\t\t\t\t\t\t\toverlay_color_hsl: {\"hue\":0,\"sat\":0,\"lum\":100},\n\t\t\t\t\t\t\t\tpan_control: true,\n\t\t\t\t\t\t\t\tshow_address: true,\n\t\t\t\t\t\t\t\tscale_control: true,\n\t\t\t\t\t\t\t\tscrollwheel: true,\n\t\t\t\t\t\t\t\tzoom: 3,\n\t\t\t\t\t\t\t\tzoom_control: true,\n\t\t\t\t\t\t\t});\n\t\t\t\t\t\t}\n\n\t\t\t\t\t\tgoogle.maps.event.addDomListener(window, 'load', fusion_run_map_fusion_map_69e2f860d0ca3);\n\t\t\t\t\t<\/script>\n\t\t\t\t\t<div class=\"shortcode-map fusion-google-map fusion-maps-js-type\" style=\"height:300px;width:100%;\" id=\"fusion_map_69e2f860d0ca3\"><\/div><div class=\"fusion-clearfix\"><\/div><\/div><\/div><\/div><\/div><\/p>\n","protected":false},"excerpt":{"rendered":"","protected":false},"author":3,"featured_media":0,"parent":0,"menu_order":0,"comment_status":"closed","ping_status":"closed","template":"100-width.php","meta":{"content-type":"","_mi_skip_tracking":false,"_monsterinsights_sitenote_active":false,"_monsterinsights_sitenote_note":"","_monsterinsights_sitenote_category":0,"footnotes":""},"yoast_head":"<!-- This site is optimized with the Yoast SEO plugin v21.3 - https:\/\/yoast.com\/wordpress\/plugins\/seo\/ -->\n<title>Contacta con nosotros - Ajedrez terape\u00fatico y educativo - TDAH &amp; Ajedrez<\/title>\n<meta name=\"description\" content=\"Contacta con TDAH &amp; Ajedrez para saber m\u00e1s sobre el tratamiento del TDAH, el TDAH en adultos, problemas de aprendizaje, d\u00e9ficit de atenci\u00f3n e hiperactividad\" \/>\n<meta name=\"robots\" content=\"index, follow, max-snippet:-1, max-image-preview:large, max-video-preview:-1\" \/>\n<link rel=\"canonical\" href=\"https:\/\/adhd-chess.com\/es\/contacta-con-nosotros\/\" \/>\n<meta property=\"og:locale\" content=\"es_ES\" \/>\n<meta property=\"og:type\" content=\"article\" \/>\n<meta property=\"og:title\" content=\"Contacta con nosotros - Ajedrez terape\u00fatico y educativo - TDAH &amp; Ajedrez\" \/>\n<meta property=\"og:description\" content=\"Contacta con TDAH &amp; Ajedrez para saber m\u00e1s sobre el tratamiento del TDAH, el TDAH en adultos, problemas de aprendizaje, d\u00e9ficit de atenci\u00f3n e hiperactividad\" \/>\n<meta property=\"og:url\" content=\"https:\/\/adhd-chess.com\/es\/contacta-con-nosotros\/\" \/>\n<meta property=\"og:site_name\" content=\"ADHD &amp; Chess\" \/>\n<meta property=\"article:publisher\" content=\"https:\/\/www.facebook.com\/ADHD-Chess-322663441962359\" \/>\n<meta property=\"article:modified_time\" content=\"2020-02-19T06:37:11+00:00\" \/>\n<meta name=\"twitter:card\" content=\"summary_large_image\" \/>\n<meta name=\"twitter:site\" content=\"@AdhdChess\" \/>\n<meta name=\"twitter:label1\" content=\"Tiempo de lectura\" \/>\n\t<meta name=\"twitter:data1\" content=\"6 minutos\" \/>\n<script type=\"application\/ld+json\" class=\"yoast-schema-graph\">{\"@context\":\"https:\/\/schema.org\",\"@graph\":[{\"@type\":\"WebPage\",\"@id\":\"https:\/\/adhd-chess.com\/es\/contacta-con-nosotros\/\",\"url\":\"https:\/\/adhd-chess.com\/es\/contacta-con-nosotros\/\",\"name\":\"Contacta con nosotros - Ajedrez terape\u00fatico y educativo - TDAH & Ajedrez\",\"isPartOf\":{\"@id\":\"https:\/\/adhd-chess.com\/#website\"},\"datePublished\":\"2019-07-12T12:29:03+00:00\",\"dateModified\":\"2020-02-19T06:37:11+00:00\",\"description\":\"Contacta con TDAH & Ajedrez para saber m\u00e1s sobre el tratamiento del TDAH, el TDAH en adultos, problemas de aprendizaje, d\u00e9ficit de atenci\u00f3n e hiperactividad\",\"breadcrumb\":{\"@id\":\"https:\/\/adhd-chess.com\/es\/contacta-con-nosotros\/#breadcrumb\"},\"inLanguage\":\"es\",\"potentialAction\":[{\"@type\":\"ReadAction\",\"target\":[\"https:\/\/adhd-chess.com\/es\/contacta-con-nosotros\/\"]}]},{\"@type\":\"BreadcrumbList\",\"@id\":\"https:\/\/adhd-chess.com\/es\/contacta-con-nosotros\/#breadcrumb\",\"itemListElement\":[{\"@type\":\"ListItem\",\"position\":1,\"name\":\"Home\",\"item\":\"https:\/\/adhd-chess.com\/es\/\"},{\"@type\":\"ListItem\",\"position\":2,\"name\":\"Contacta con nosotros\"}]},{\"@type\":\"WebSite\",\"@id\":\"https:\/\/adhd-chess.com\/#website\",\"url\":\"https:\/\/adhd-chess.com\/\",\"name\":\"ADHD &amp; Chess\",\"description\":\"ADHD treatment using Chess tools\",\"publisher\":{\"@id\":\"https:\/\/adhd-chess.com\/#organization\"},\"potentialAction\":[{\"@type\":\"SearchAction\",\"target\":{\"@type\":\"EntryPoint\",\"urlTemplate\":\"https:\/\/adhd-chess.com\/?s={search_term_string}\"},\"query-input\":\"required name=search_term_string\"}],\"inLanguage\":\"es\"},{\"@type\":\"Organization\",\"@id\":\"https:\/\/adhd-chess.com\/#organization\",\"name\":\"TDAH & Ajedrez\",\"url\":\"https:\/\/adhd-chess.com\/\",\"logo\":{\"@type\":\"ImageObject\",\"inLanguage\":\"es\",\"@id\":\"https:\/\/adhd-chess.com\/#\/schema\/logo\/image\/\",\"url\":\"https:\/\/adhd-chess.com\/wp-content\/uploads\/2019\/03\/logo_L_en.png\",\"contentUrl\":\"https:\/\/adhd-chess.com\/wp-content\/uploads\/2019\/03\/logo_L_en.png\",\"width\":418,\"height\":102,\"caption\":\"TDAH & Ajedrez\"},\"image\":{\"@id\":\"https:\/\/adhd-chess.com\/#\/schema\/logo\/image\/\"},\"sameAs\":[\"https:\/\/www.facebook.com\/ADHD-Chess-322663441962359\",\"https:\/\/twitter.com\/AdhdChess\",\"https:\/\/www.instagram.com\/adhdchess\",\"https:\/\/www.linkedin.com\/company\/adhd-chess\"]}]}<\/script>\n<!-- \/ Yoast SEO plugin. -->","yoast_head_json":{"title":"Contacta con nosotros - Ajedrez terape\u00fatico y educativo - TDAH & Ajedrez","description":"Contacta con TDAH & Ajedrez para saber m\u00e1s sobre el tratamiento del TDAH, el TDAH en adultos, problemas de aprendizaje, d\u00e9ficit de atenci\u00f3n e hiperactividad","robots":{"index":"index","follow":"follow","max-snippet":"max-snippet:-1","max-image-preview":"max-image-preview:large","max-video-preview":"max-video-preview:-1"},"canonical":"https:\/\/adhd-chess.com\/es\/contacta-con-nosotros\/","og_locale":"es_ES","og_type":"article","og_title":"Contacta con nosotros - Ajedrez terape\u00fatico y educativo - TDAH & Ajedrez","og_description":"Contacta con TDAH & Ajedrez para saber m\u00e1s sobre el tratamiento del TDAH, el TDAH en adultos, problemas de aprendizaje, d\u00e9ficit de atenci\u00f3n e hiperactividad","og_url":"https:\/\/adhd-chess.com\/es\/contacta-con-nosotros\/","og_site_name":"ADHD &amp; Chess","article_publisher":"https:\/\/www.facebook.com\/ADHD-Chess-322663441962359","article_modified_time":"2020-02-19T06:37:11+00:00","twitter_card":"summary_large_image","twitter_site":"@AdhdChess","twitter_misc":{"Tiempo de lectura":"6 minutos"},"schema":{"@context":"https:\/\/schema.org","@graph":[{"@type":"WebPage","@id":"https:\/\/adhd-chess.com\/es\/contacta-con-nosotros\/","url":"https:\/\/adhd-chess.com\/es\/contacta-con-nosotros\/","name":"Contacta con nosotros - Ajedrez terape\u00fatico y educativo - TDAH & Ajedrez","isPartOf":{"@id":"https:\/\/adhd-chess.com\/#website"},"datePublished":"2019-07-12T12:29:03+00:00","dateModified":"2020-02-19T06:37:11+00:00","description":"Contacta con TDAH & Ajedrez para saber m\u00e1s sobre el tratamiento del TDAH, el TDAH en adultos, problemas de aprendizaje, d\u00e9ficit de atenci\u00f3n e hiperactividad","breadcrumb":{"@id":"https:\/\/adhd-chess.com\/es\/contacta-con-nosotros\/#breadcrumb"},"inLanguage":"es","potentialAction":[{"@type":"ReadAction","target":["https:\/\/adhd-chess.com\/es\/contacta-con-nosotros\/"]}]},{"@type":"BreadcrumbList","@id":"https:\/\/adhd-chess.com\/es\/contacta-con-nosotros\/#breadcrumb","itemListElement":[{"@type":"ListItem","position":1,"name":"Home","item":"https:\/\/adhd-chess.com\/es\/"},{"@type":"ListItem","position":2,"name":"Contacta con nosotros"}]},{"@type":"WebSite","@id":"https:\/\/adhd-chess.com\/#website","url":"https:\/\/adhd-chess.com\/","name":"ADHD &amp; Chess","description":"ADHD treatment using Chess tools","publisher":{"@id":"https:\/\/adhd-chess.com\/#organization"},"potentialAction":[{"@type":"SearchAction","target":{"@type":"EntryPoint","urlTemplate":"https:\/\/adhd-chess.com\/?s={search_term_string}"},"query-input":"required name=search_term_string"}],"inLanguage":"es"},{"@type":"Organization","@id":"https:\/\/adhd-chess.com\/#organization","name":"TDAH & Ajedrez","url":"https:\/\/adhd-chess.com\/","logo":{"@type":"ImageObject","inLanguage":"es","@id":"https:\/\/adhd-chess.com\/#\/schema\/logo\/image\/","url":"https:\/\/adhd-chess.com\/wp-content\/uploads\/2019\/03\/logo_L_en.png","contentUrl":"https:\/\/adhd-chess.com\/wp-content\/uploads\/2019\/03\/logo_L_en.png","width":418,"height":102,"caption":"TDAH & Ajedrez"},"image":{"@id":"https:\/\/adhd-chess.com\/#\/schema\/logo\/image\/"},"sameAs":["https:\/\/www.facebook.com\/ADHD-Chess-322663441962359","https:\/\/twitter.com\/AdhdChess","https:\/\/www.instagram.com\/adhdchess","https:\/\/www.linkedin.com\/company\/adhd-chess"]}]}},"_links":{"self":[{"href":"https:\/\/adhd-chess.com\/es\/wp-json\/wp\/v2\/pages\/6253"}],"collection":[{"href":"https:\/\/adhd-chess.com\/es\/wp-json\/wp\/v2\/pages"}],"about":[{"href":"https:\/\/adhd-chess.com\/es\/wp-json\/wp\/v2\/types\/page"}],"author":[{"embeddable":true,"href":"https:\/\/adhd-chess.com\/es\/wp-json\/wp\/v2\/users\/3"}],"replies":[{"embeddable":true,"href":"https:\/\/adhd-chess.com\/es\/wp-json\/wp\/v2\/comments?post=6253"}],"version-history":[{"count":5,"href":"https:\/\/adhd-chess.com\/es\/wp-json\/wp\/v2\/pages\/6253\/revisions"}],"predecessor-version":[{"id":8756,"href":"https:\/\/adhd-chess.com\/es\/wp-json\/wp\/v2\/pages\/6253\/revisions\/8756"}],"wp:attachment":[{"href":"https:\/\/adhd-chess.com\/es\/wp-json\/wp\/v2\/media?parent=6253"}],"curies":[{"name":"wp","href":"https:\/\/api.w.org\/{rel}","templated":true}]}}